{"id":4726,"date":"2022-06-07T15:15:35","date_gmt":"2022-06-07T15:15:35","guid":{"rendered":"https:\/\/quyalift.com\/asansor-kabinleri\/"},"modified":"2022-07-24T15:04:43","modified_gmt":"2022-07-24T15:04:43","slug":"elevator-cabins","status":"publish","type":"page","link":"https:\/\/quyalift.com\/en\/elevator-cabins\/","title":{"rendered":"Elevator Cabins"},"content":{"rendered":"\t\t<div data-elementor-type=\"wp-page\" data-elementor-id=\"4726\" class=\"elementor elementor-4726 elementor-1797\">\n\t\t\t\t\t\t\t\t\t<section class=\"elementor-section elementor-top-section elementor-element elementor-element-3269af5d elementor-section-full_width elementor-section-stretched elementor-section-height-default elementor-section-height-default\" data-id=\"3269af5d\" data-element_type=\"section\" data-settings=\"{&quot;stretch_section&quot;:&quot;section-stretched&quot;}\">\n\t\t\t\t\t\t<div class=\"elementor-container elementor-column-gap-no\">\n\t\t\t\t\t<div class=\"elementor-column elementor-col-100 elementor-top-column elementor-element elementor-element-232f5f29\" data-id=\"232f5f29\" data-element_type=\"column\">\n\t\t\t<div class=\"elementor-widget-wrap elementor-element-populated\">\n\t\t\t\t\t\t\t\t<div class=\"elementor-element elementor-element-762fe0c1 elementor-widget elementor-widget-about\" data-id=\"762fe0c1\" data-element_type=\"widget\" data-widget_type=\"about.default\">\n\t\t\t\t<div class=\"elementor-widget-container\">\n\t\t\t\t<!-- Start Our About\r\n    ============================================= -->\r\n    <div class=\"about-area overflow-hidden default-padding\">\r\n        <div class=\"container\">\r\n            <div class=\"about-style-four-layout\">\r\n                <div class=\"row align-center\">\r\n                    <div class=\"col-lg-6\">\r\n                        <div class=\"about-style-four-thumb\">\r\n                        \t                            <img decoding=\"async\" src=\"https:\/\/quyalift.com\/wp-content\/uploads\/2022\/07\/asansor-kabinleri.jpg\" alt=\"dustra\">\r\n                                                    <\/div>\r\n                    <\/div>\r\n                    <div class=\"col-lg-6\">\r\n                        <div class=\"about-style-four-info\">\r\n                            <h4>Elevator Cabins<\/h4>\r\n                            <h2>New Generation and Modern Elevator Cab Models<\/h2>\r\n                            <p>Elevator cabin models, which are produced with the latest technology and have a stylish design, are waiting for you at Quyalift. Take a look at the latest system cabin options with the cabin buttons and advanced features!<\/p>\r\n                            <div class=\"tab-content\">\r\n                                <ul id=\"tabs\" class=\"nav nav-tabs\">\r\n                                                        \t\t\t\t\r\n                                    <li class=\"nav-item\">\r\n                                        <a href=\"\" data-target=\"#tab1\" data-toggle=\"tab\" class=\"active nav-link\">Elevator Cabin Models<\/a>\r\n                                    <\/li>\r\n\t                                \t\r\n                                    <li class=\"nav-item\">\r\n                                        <a href=\"\" data-target=\"#tab2\" data-toggle=\"tab\" class=\" nav-link\">Elevator Ceiling Models\n<\/a>\r\n                                    <\/li>\r\n\t                                \t                                \r\n                                <\/ul>\r\n                                <div id=\"tabsContent\" class=\"tab-content\">\r\n                                \t                                    <div id=\"tab1\" class=\"tab-pane fade active show\">\r\n                                        <ul>\n  <li>It is a generally closed transport room that is produced according to International Standards and ensures the safety of people or cargo while carrying it. For cabin models that can be designed and applied according to your taste, you can browse the catalog of our products.<\/li>\n<\/ul>                                    <\/div>\r\n\t                                                                    <div id=\"tab2\" class=\"tab-pane fade \">\r\n                                        <ul><li>The elevator ceiling is both an integral part of the indoor machinery and a decorative surface on each elevator car. Whether you&#039;re looking for a suspended ceiling, standard louver diffuser or custom-designed ceiling, we&#039;re here to make sure everything is designed and manufactured to all the required specifications.<\/li><\/ul>                                    <\/div>\r\n\t                                \t\t                            \r\n                                <\/div>\r\n                            <\/div>\r\n                            <a class=\"btn-regular\" href=\"https:\/\/quyalift.com\/contact-us\">Contact Us <i class=\"fas fa-angle-right\"><\/i><\/a>\r\n                        <\/div>\r\n                    <\/div>\r\n                <\/div>\r\n            <\/div>\r\n        <\/div>\r\n    <\/div>\r\n    <!-- End Our About -->\r\n    \t\t<\/div>\n\t\t\t\t<\/div>\n\t\t\t\t\t<\/div>\n\t\t<\/div>\n\t\t\t\t\t\t\t<\/div>\n\t\t<\/section>\n\t\t\t\t<section class=\"elementor-section elementor-top-section elementor-element elementor-element-15647921 elementor-section-full_width elementor-section-stretched elementor-section-height-default elementor-section-height-default\" data-id=\"15647921\" data-element_type=\"section\" data-settings=\"{&quot;stretch_section&quot;:&quot;section-stretched&quot;}\">\n\t\t\t\t\t\t<div class=\"elementor-container elementor-column-gap-no\">\n\t\t\t\t\t<div class=\"elementor-column elementor-col-100 elementor-top-column elementor-element elementor-element-6785da8f\" data-id=\"6785da8f\" data-element_type=\"column\">\n\t\t\t<div class=\"elementor-widget-wrap elementor-element-populated\">\n\t\t\t\t\t\t\t\t<div class=\"elementor-element elementor-element-6e37f49c elementor-widget elementor-widget-workprocess\" data-id=\"6e37f49c\" data-element_type=\"widget\" data-widget_type=\"workprocess.default\">\n\t\t\t\t<div class=\"elementor-widget-container\">\n\t\t\t\t\t<!-- Start Work Porccess \r\n    ============================================= -->\r\n    <div class=\"work-process-area relative default-padding bottom-less bg-fixed\" style=\"background-image: url(https:\/\/quyalift.com\/wp-content\/themes\/dustra\/assets\/img\/bg.png);\" id=\"workprocess\">\r\n        <div class=\"container\">\r\n            <div class=\"row\">\r\n                <div class=\"col-lg-8 offset-lg-2\">\r\n                    <div class=\"site-heading text-center\">\r\n                        \t\t                        <h4>WITH QUALIFT ELEVATOR\n<\/h4>\r\n\t\t                    \t\t                    \t\t                        <h2>Business process\n<\/h2>\r\n\t\t                    \t\t\t\t\t\t\t\t\t                        <p>\n<\/p>\r\n\t\t                                    <\/div>\r\n                <\/div>\r\n            <\/div>\r\n            <div class=\"work-pro-items\">\r\n                <div class=\"row\">\r\n                \t\t                    <div class=\"col-lg-3 col-md-6 single-item\">\r\n\t                        <div class=\"item\">\r\n\t                            <div class=\"item-inner\">\r\n\t                                                                       <i class=\"flaticon-ruler\"><\/i>\r\n                                                                                                                                                \t\t                                <h4>\r\n\t\t                                \tExperienced Team<span>01<\/span>\r\n\t\t                                <\/h4>\r\n\t                                \t                                \t                                    <p>\r\n\t                                    \tWe make projects according to your wishes with advanced applications and our expert teams.\t                                    <\/p>\r\n\t                                \t                            <\/div>\r\n\t                        <\/div>\r\n\t                    <\/div>\r\n                    \t                    <div class=\"col-lg-3 col-md-6 single-item\">\r\n\t                        <div class=\"item\">\r\n\t                            <div class=\"item-inner\">\r\n\t                                                                       <i class=\"flaticon-creativity\"><\/i>\r\n                                                                                                                                                \t\t                                <h4>\r\n\t\t                                \tPlanning<span>02<\/span>\r\n\t\t                                <\/h4>\r\n\t                                \t                                \t                                    <p>\r\n\t                                    \tWe offer you various plans to implement the projects that suit your wishes.\t                                    <\/p>\r\n\t                                \t                            <\/div>\r\n\t                        <\/div>\r\n\t                    <\/div>\r\n                    \t                    <div class=\"col-lg-3 col-md-6 single-item\">\r\n\t                        <div class=\"item\">\r\n\t                            <div class=\"item-inner\">\r\n\t                                                                       <i class=\"flaticon-house\"><\/i>\r\n                                                                                                                                                \t\t                                <h4>\r\n\t\t                                \tEvolution<span>03<\/span>\r\n\t\t                                <\/h4>\r\n\t                                \t                                \t                                    <p>\r\n\t                                    \tBy developing the project you approve, we start the construction phase with our trained expert teams.\t                                    <\/p>\r\n\t                                \t                            <\/div>\r\n\t                        <\/div>\r\n\t                    <\/div>\r\n                    \t                    <div class=\"col-lg-3 col-md-6 single-item\">\r\n\t                        <div class=\"item\">\r\n\t                            <div class=\"item-inner\">\r\n\t                                                                       <i class=\"flaticon-antivirus\"><\/i>\r\n                                                                                                                                                \t\t                                <h4>\r\n\t\t                                \t100% Satisfaction<span>04<\/span>\r\n\t\t                                <\/h4>\r\n\t                                \t                                \t                                    <p>\r\n\t                                    \tWe deliver the project completely with our full satisfaction and service-oriented approach.\t                                    <\/p>\r\n\t                                \t                            <\/div>\r\n\t                        <\/div>\r\n\t                    <\/div>\r\n                                    <\/div>\r\n            <\/div>\r\n        <\/div>\r\n    <\/div>\r\n    <!-- End Work Porccess -->\r\n\t\t\t\t<\/div>\n\t\t\t\t<\/div>\n\t\t\t\t\t<\/div>\n\t\t<\/div>\n\t\t\t\t\t\t\t<\/div>\n\t\t<\/section>\n\t\t\t\t<section class=\"elementor-section elementor-top-section elementor-element elementor-element-396b1ed elementor-section-boxed elementor-section-height-default elementor-section-height-default\" data-id=\"396b1ed\" data-element_type=\"section\">\n\t\t\t\t\t\t<div class=\"elementor-container elementor-column-gap-default\">\n\t\t\t\t\t<div class=\"elementor-column elementor-col-100 elementor-top-column elementor-element elementor-element-8b8619f\" data-id=\"8b8619f\" data-element_type=\"column\">\n\t\t\t<div class=\"elementor-widget-wrap elementor-element-populated\">\n\t\t\t\t\t\t\t\t<div class=\"elementor-element elementor-element-63c001a elementor-widget elementor-widget-services\" data-id=\"63c001a\" data-element_type=\"widget\" data-widget_type=\"services.default\">\n\t\t\t\t<div class=\"elementor-widget-container\">\n\t\t\t\t\t\t<!-- Start Services Area\r\n\t\t    ============================================= -->\r\n\t\t    <div class=\"thumb-services-area shadow default-padding bottom-less\">\r\n\t\t        <!-- Shape -->\r\n\t\t        <div class=\"shape-bottom\" style=\"background-image: url();\"><\/div>\r\n\t\t        <!-- End Shape -->\r\n\t\t        <div class=\"container\">\r\n\t\t            <div class=\"thumb-services-items text-light\">\r\n\t\t                <div class=\"row\">\r\n\t\t                \t\t\t                    <!-- Single Item -->\r\n\t\t                    <div class=\"single-item col-lg-4 col-md-6\">\r\n\t\t                        <div class=\"item\" style=\"background-image: url(https:\/\/quyalift.com\/wp-content\/uploads\/2022\/07\/asansor-kabin-modelleri.jpg);\">\r\n\t\t                            <div class=\"content\">\r\n\t\t                                <div class=\"inner\">\r\n\t\t                                    \t\t\t                            \t\t\t\t                            \t\t<i class=\"flaticon-building\"><\/i>\r\n\t\t\t                            \t\t\t\t                            \t\t\t                                    <h4>Elevator Cab Models<\/h4>\r\n\t\t                                    <p>\r\n\t\t                                       It is a generally closed transport room that is produced according to International Standards and ensures the safety of people\t\t                                    <\/p>\r\n\t\t                                <\/div>\r\n\t\t                                <div class=\"link\">\r\n\t\t                                    <a class=\"btn circle btn-theme effect btn-sm\" href=\"https:\/\/quyalift.com\/en\/urun\/elevator-cab-models\/\">Devam\u0131n\u0131 Oku<i class=\"fal fa-plus\"><\/i><\/a>\r\n\t\t                                <\/div>\r\n\t\t                            <\/div>\r\n\t\t                        <\/div>\r\n\t\t                    <\/div>\r\n\t\t                    <!-- End Single Item -->\r\n\t\t                    \t\t                    <!-- Single Item -->\r\n\t\t                    <div class=\"single-item col-lg-4 col-md-6\">\r\n\t\t                        <div class=\"item\" style=\"background-image: url(https:\/\/quyalift.com\/wp-content\/uploads\/2022\/06\/tavan.png);\">\r\n\t\t                            <div class=\"content\">\r\n\t\t                                <div class=\"inner\">\r\n\t\t                                    \t\t\t                            \t\t\t\t                            \t\t<i class=\"flaticon-solar-panel\"><\/i>\r\n\t\t\t                            \t\t\t\t                            \t\t\t                                    <h4>Ceiling Models<\/h4>\r\n\t\t                                    <p>\r\n\t\t                                       You can shape the ceiling part of the elevator cabins with materials and patterns that suit your taste. You can\t\t                                    <\/p>\r\n\t\t                                <\/div>\r\n\t\t                                <div class=\"link\">\r\n\t\t                                    <a class=\"btn circle btn-theme effect btn-sm\" href=\"https:\/\/quyalift.com\/en\/urun\/ceiling-models\/\">Devam\u0131n\u0131 Oku<i class=\"fal fa-plus\"><\/i><\/a>\r\n\t\t                                <\/div>\r\n\t\t                            <\/div>\r\n\t\t                        <\/div>\r\n\t\t                    <\/div>\r\n\t\t                    <!-- End Single Item -->\r\n\t\t                    \t\t                <\/div>\r\n\t\t            <\/div>\r\n\t\t        <\/div>\r\n\t\t    <\/div>\r\n\t\t    <!-- End Services -->\r\n\t\t\t<\/div>\n\t\t\t\t<\/div>\n\t\t\t\t\t<\/div>\n\t\t<\/div>\n\t\t\t\t\t\t\t<\/div>\n\t\t<\/section>\n\t\t\t\t\t\t\t<\/div>\n\t\t","protected":false},"excerpt":{"rendered":"<p>Elevator Cabins New Generation and Modern Elevator Cab Models Elevator cabin models, which are produced with the latest technology and have a stylish design, are waiting for you at Quyalift. Take a look at the latest system cabin options with the cabin buttons and advanced features! Elevator Cabin Models Elevator Ceiling Models It is a [&hellip;]<\/p>\n","protected":false},"author":1,"featured_media":0,"parent":0,"menu_order":0,"comment_status":"closed","ping_status":"closed","template":"","meta":{"footnotes":""},"class_list":["post-4726","page","type-page","status-publish","hentry"],"yoast_head":"<!-- This site is optimized with the Yoast SEO plugin v19.13 - https:\/\/yoast.com\/wordpress\/plugins\/seo\/ -->\n<title>Elevator Cabins &ndash; Quya Lift<\/title>\n<meta name=\"description\" content=\"Elevator Cabins hakk\u0131nda daha fazla bilgi almak i\u00e7in QuyaLift Elevator Cabins sayfas\u0131n\u0131 inceleyebilirsiniz.\" \/>\n<meta name=\"robots\" content=\"index, follow, max-snippet:-1, max-image-preview:large, max-video-preview:-1\" \/>\n<link rel=\"canonical\" href=\"https:\/\/quyalift.com\/en\/elevator-cabins\/\" \/>\n<meta property=\"og:locale\" content=\"en_US\" \/>\n<meta property=\"og:type\" content=\"article\" \/>\n<meta property=\"og:title\" content=\"Elevator Cabins &ndash; Quya Lift\" \/>\n<meta property=\"og:description\" content=\"Elevator Cabins hakk\u0131nda daha fazla bilgi almak i\u00e7in QuyaLift Elevator Cabins sayfas\u0131n\u0131 inceleyebilirsiniz.\" \/>\n<meta property=\"og:url\" content=\"https:\/\/quyalift.com\/en\/elevator-cabins\/\" \/>\n<meta property=\"og:site_name\" content=\"Quya Lift\" \/>\n<meta property=\"article:modified_time\" content=\"2022-07-24T15:04:43+00:00\" \/>\n<meta property=\"og:image\" content=\"https:\/\/quyalift.com\/wp-content\/uploads\/2022\/07\/asansor-kabinleri.jpg\" \/>\n<meta name=\"twitter:card\" content=\"summary_large_image\" \/>\n<meta name=\"twitter:label1\" content=\"Est. reading time\" \/>\n\t<meta name=\"twitter:data1\" content=\"1 minute\" \/>\n<script type=\"application\/ld+json\" class=\"yoast-schema-graph\">{\"@context\":\"https:\/\/schema.org\",\"@graph\":[{\"@type\":\"WebPage\",\"@id\":\"https:\/\/quyalift.com\/en\/elevator-cabins\/\",\"url\":\"https:\/\/quyalift.com\/en\/elevator-cabins\/\",\"name\":\"Elevator Cabins &ndash; Quya Lift\",\"isPartOf\":{\"@id\":\"https:\/\/quyalift.com\/#website\"},\"datePublished\":\"2022-06-07T15:15:35+00:00\",\"dateModified\":\"2022-07-24T15:04:43+00:00\",\"description\":\"Elevator Cabins hakk\u0131nda daha fazla bilgi almak i\u00e7in QuyaLift Elevator Cabins sayfas\u0131n\u0131 inceleyebilirsiniz.\",\"breadcrumb\":{\"@id\":\"https:\/\/quyalift.com\/en\/elevator-cabins\/#breadcrumb\"},\"inLanguage\":\"en-US\",\"potentialAction\":[{\"@type\":\"ReadAction\",\"target\":[\"https:\/\/quyalift.com\/en\/elevator-cabins\/\"]}]},{\"@type\":\"BreadcrumbList\",\"@id\":\"https:\/\/quyalift.com\/en\/elevator-cabins\/#breadcrumb\",\"itemListElement\":[{\"@type\":\"ListItem\",\"position\":1,\"name\":\"Anasayfa\",\"item\":\"https:\/\/quyalift.com\/en\/\"},{\"@type\":\"ListItem\",\"position\":2,\"name\":\"Elevator Cabins\"}]},{\"@type\":\"WebSite\",\"@id\":\"https:\/\/quyalift.com\/#website\",\"url\":\"https:\/\/quyalift.com\/\",\"name\":\"Quya Lift\",\"description\":\"Kaliteyle Y\u00fckseliyoruz...\",\"publisher\":{\"@id\":\"https:\/\/quyalift.com\/#organization\"},\"potentialAction\":[{\"@type\":\"SearchAction\",\"target\":{\"@type\":\"EntryPoint\",\"urlTemplate\":\"https:\/\/quyalift.com\/?s={search_term_string}\"},\"query-input\":\"required name=search_term_string\"}],\"inLanguage\":\"en-US\"},{\"@type\":\"Organization\",\"@id\":\"https:\/\/quyalift.com\/#organization\",\"name\":\"Quyalift Elevator\",\"url\":\"https:\/\/quyalift.com\/\",\"logo\":{\"@type\":\"ImageObject\",\"inLanguage\":\"en-US\",\"@id\":\"https:\/\/quyalift.com\/#\/schema\/logo\/image\/\",\"url\":\"https:\/\/quyalift.com\/wp-content\/uploads\/2022\/06\/logo-qualift.png\",\"contentUrl\":\"https:\/\/quyalift.com\/wp-content\/uploads\/2022\/06\/logo-qualift.png\",\"width\":179,\"height\":90,\"caption\":\"Quyalift Elevator\"},\"image\":{\"@id\":\"https:\/\/quyalift.com\/#\/schema\/logo\/image\/\"}}]}<\/script>\n<!-- \/ Yoast SEO plugin. -->","yoast_head_json":{"title":"Elevator Cabins &ndash; Quya Lift","description":"Elevator Cabins hakk\u0131nda daha fazla bilgi almak i\u00e7in QuyaLift Elevator Cabins sayfas\u0131n\u0131 inceleyebilirsiniz.","robots":{"index":"index","follow":"follow","max-snippet":"max-snippet:-1","max-image-preview":"max-image-preview:large","max-video-preview":"max-video-preview:-1"},"canonical":"https:\/\/quyalift.com\/en\/elevator-cabins\/","og_locale":"en_US","og_type":"article","og_title":"Elevator Cabins &ndash; Quya Lift","og_description":"Elevator Cabins hakk\u0131nda daha fazla bilgi almak i\u00e7in QuyaLift Elevator Cabins sayfas\u0131n\u0131 inceleyebilirsiniz.","og_url":"https:\/\/quyalift.com\/en\/elevator-cabins\/","og_site_name":"Quya Lift","article_modified_time":"2022-07-24T15:04:43+00:00","og_image":[{"url":"https:\/\/quyalift.com\/wp-content\/uploads\/2022\/07\/asansor-kabinleri.jpg"}],"twitter_card":"summary_large_image","twitter_misc":{"Est. reading time":"1 minute"},"schema":{"@context":"https:\/\/schema.org","@graph":[{"@type":"WebPage","@id":"https:\/\/quyalift.com\/en\/elevator-cabins\/","url":"https:\/\/quyalift.com\/en\/elevator-cabins\/","name":"Elevator Cabins &ndash; Quya Lift","isPartOf":{"@id":"https:\/\/quyalift.com\/#website"},"datePublished":"2022-06-07T15:15:35+00:00","dateModified":"2022-07-24T15:04:43+00:00","description":"Elevator Cabins hakk\u0131nda daha fazla bilgi almak i\u00e7in QuyaLift Elevator Cabins sayfas\u0131n\u0131 inceleyebilirsiniz.","breadcrumb":{"@id":"https:\/\/quyalift.com\/en\/elevator-cabins\/#breadcrumb"},"inLanguage":"en-US","potentialAction":[{"@type":"ReadAction","target":["https:\/\/quyalift.com\/en\/elevator-cabins\/"]}]},{"@type":"BreadcrumbList","@id":"https:\/\/quyalift.com\/en\/elevator-cabins\/#breadcrumb","itemListElement":[{"@type":"ListItem","position":1,"name":"Anasayfa","item":"https:\/\/quyalift.com\/en\/"},{"@type":"ListItem","position":2,"name":"Elevator Cabins"}]},{"@type":"WebSite","@id":"https:\/\/quyalift.com\/#website","url":"https:\/\/quyalift.com\/","name":"Quya Lift","description":"Kaliteyle Y\u00fckseliyoruz...","publisher":{"@id":"https:\/\/quyalift.com\/#organization"},"potentialAction":[{"@type":"SearchAction","target":{"@type":"EntryPoint","urlTemplate":"https:\/\/quyalift.com\/?s={search_term_string}"},"query-input":"required name=search_term_string"}],"inLanguage":"en-US"},{"@type":"Organization","@id":"https:\/\/quyalift.com\/#organization","name":"Quyalift Elevator","url":"https:\/\/quyalift.com\/","logo":{"@type":"ImageObject","inLanguage":"en-US","@id":"https:\/\/quyalift.com\/#\/schema\/logo\/image\/","url":"https:\/\/quyalift.com\/wp-content\/uploads\/2022\/06\/logo-qualift.png","contentUrl":"https:\/\/quyalift.com\/wp-content\/uploads\/2022\/06\/logo-qualift.png","width":179,"height":90,"caption":"Quyalift Elevator"},"image":{"@id":"https:\/\/quyalift.com\/#\/schema\/logo\/image\/"}}]}},"_links":{"self":[{"href":"https:\/\/quyalift.com\/en\/wp-json\/wp\/v2\/pages\/4726","targetHints":{"allow":["GET"]}}],"collection":[{"href":"https:\/\/quyalift.com\/en\/wp-json\/wp\/v2\/pages"}],"about":[{"href":"https:\/\/quyalift.com\/en\/wp-json\/wp\/v2\/types\/page"}],"author":[{"embeddable":true,"href":"https:\/\/quyalift.com\/en\/wp-json\/wp\/v2\/users\/1"}],"replies":[{"embeddable":true,"href":"https:\/\/quyalift.com\/en\/wp-json\/wp\/v2\/comments?post=4726"}],"version-history":[{"count":7,"href":"https:\/\/quyalift.com\/en\/wp-json\/wp\/v2\/pages\/4726\/revisions"}],"predecessor-version":[{"id":4756,"href":"https:\/\/quyalift.com\/en\/wp-json\/wp\/v2\/pages\/4726\/revisions\/4756"}],"wp:attachment":[{"href":"https:\/\/quyalift.com\/en\/wp-json\/wp\/v2\/media?parent=4726"}],"curies":[{"name":"wp","href":"https:\/\/api.w.org\/{rel}","templated":true}]}}