{"id":4728,"date":"2022-06-07T15:15:51","date_gmt":"2022-06-07T15:15:51","guid":{"rendered":"https:\/\/quyalift.com\/asansor-butonlari\/"},"modified":"2022-07-24T15:12:57","modified_gmt":"2022-07-24T15:12:57","slug":"elevator-buttons","status":"publish","type":"page","link":"https:\/\/quyalift.com\/en\/elevator-buttons\/","title":{"rendered":"Elevator Buttons"},"content":{"rendered":"\t\t<div data-elementor-type=\"wp-page\" data-elementor-id=\"4728\" class=\"elementor elementor-4728 elementor-1793\">\n\t\t\t\t\t\t\t\t\t<section class=\"elementor-section elementor-top-section elementor-element elementor-element-7f183ff7 elementor-section-full_width elementor-section-stretched elementor-section-height-default elementor-section-height-default\" data-id=\"7f183ff7\" data-element_type=\"section\" data-settings=\"{&quot;stretch_section&quot;:&quot;section-stretched&quot;}\">\n\t\t\t\t\t\t<div class=\"elementor-container elementor-column-gap-no\">\n\t\t\t\t\t<div class=\"elementor-column elementor-col-100 elementor-top-column elementor-element elementor-element-16c62bd6\" data-id=\"16c62bd6\" data-element_type=\"column\">\n\t\t\t<div class=\"elementor-widget-wrap elementor-element-populated\">\n\t\t\t\t\t\t\t\t<div class=\"elementor-element elementor-element-7eba5d7e elementor-widget elementor-widget-about\" data-id=\"7eba5d7e\" data-element_type=\"widget\" data-widget_type=\"about.default\">\n\t\t\t\t<div class=\"elementor-widget-container\">\n\t\t\t\t<!-- Start Our About\r\n    ============================================= -->\r\n    <div class=\"about-area overflow-hidden default-padding\">\r\n        <div class=\"container\">\r\n            <div class=\"about-style-four-layout\">\r\n                <div class=\"row align-center\">\r\n                    <div class=\"col-lg-6\">\r\n                        <div class=\"about-style-four-thumb\">\r\n                        \t                            <img decoding=\"async\" src=\"https:\/\/quyalift.com\/wp-content\/uploads\/2022\/07\/asansor-dugme.jpg\" alt=\"dustra\">\r\n                                                    <\/div>\r\n                    <\/div>\r\n                    <div class=\"col-lg-6\">\r\n                        <div class=\"about-style-four-info\">\r\n                            <h4>Elevator Buttons<\/h4>\r\n                            <h2>Durable and Modern Elevator Button Models<\/h2>\r\n                            <p>We design the material we use in elevator buttons by choosing stainless steel and plexi cover so that it is long-lasting and improved in terms of durability. If you need modern buttons, contact us now!<\/p>\r\n                            <div class=\"tab-content\">\r\n                                <ul id=\"tabs\" class=\"nav nav-tabs\">\r\n                                                        \t\t\t\t\r\n                                    <li class=\"nav-item\">\r\n                                        <a href=\"\" data-target=\"#tab1\" data-toggle=\"tab\" class=\"active nav-link\">Cabin Buttons<\/a>\r\n                                    <\/li>\r\n\t                                \t\r\n                                    <li class=\"nav-item\">\r\n                                        <a href=\"\" data-target=\"#tab2\" data-toggle=\"tab\" class=\" nav-link\">Floor Buttons<\/a>\r\n                                    <\/li>\r\n\t                                \t\r\n                                    <li class=\"nav-item\">\r\n                                        <a href=\"\" data-target=\"#tab3\" data-toggle=\"tab\" class=\" nav-link\">Indicators<\/a>\r\n                                    <\/li>\r\n\t                                \t                                \r\n                                <\/ul>\r\n                                <div id=\"tabsContent\" class=\"tab-content\">\r\n                                \t                                    <div id=\"tab1\" class=\"tab-pane fade active show\">\r\n                                        <ul>\n  <li>The elevator buttons produced for the elevator user to direct the elevator have functional features such as the buttons for the floors that the elevator reaches, the ventilation button, the emergency button.<\/li>\n<\/ul>                                    <\/div>\r\n\t                                                                    <div id=\"tab2\" class=\"tab-pane fade \">\r\n                                        <ul>\n  <li>The elevator floor button is located on each floor and is the system where the user sends a signal to go up or down and calls the elevator car. Elevator floor buttons are located on each floor and it is the system where the user calls the elevator car by sending an up or down signal.<\/li>\n<\/ul>                                    <\/div>\r\n\t                                                                    <div id=\"tab3\" class=\"tab-pane fade \">\r\n                                        <ul>\n  <li>Elevator floor indicators are located on each floor. It is a system that numerically expresses the floor of the elevator car and its up or down movement. In addition to the car control panel, there will be a floor position indicator located outside the elevator car.<\/li>\n<\/ul>                                    <\/div>\r\n\t                                \t\t                            \r\n                                <\/div>\r\n                            <\/div>\r\n                            <a class=\"btn-regular\" href=\"https:\/\/quyalift.com\/en\/contact-us\">Contact Us <i class=\"fas fa-angle-right\"><\/i><\/a>\r\n                        <\/div>\r\n                    <\/div>\r\n                <\/div>\r\n            <\/div>\r\n        <\/div>\r\n    <\/div>\r\n    <!-- End Our About -->\r\n    \t\t<\/div>\n\t\t\t\t<\/div>\n\t\t\t\t\t<\/div>\n\t\t<\/div>\n\t\t\t\t\t\t\t<\/div>\n\t\t<\/section>\n\t\t\t\t<section class=\"elementor-section elementor-top-section elementor-element elementor-element-3bf92502 elementor-section-full_width elementor-section-stretched elementor-section-height-default elementor-section-height-default\" data-id=\"3bf92502\" data-element_type=\"section\" data-settings=\"{&quot;stretch_section&quot;:&quot;section-stretched&quot;}\">\n\t\t\t\t\t\t<div class=\"elementor-container elementor-column-gap-no\">\n\t\t\t\t\t<div class=\"elementor-column elementor-col-100 elementor-top-column elementor-element elementor-element-27d3977e\" data-id=\"27d3977e\" data-element_type=\"column\">\n\t\t\t<div class=\"elementor-widget-wrap elementor-element-populated\">\n\t\t\t\t\t\t\t\t<div class=\"elementor-element elementor-element-701cf382 elementor-widget elementor-widget-workprocess\" data-id=\"701cf382\" data-element_type=\"widget\" data-widget_type=\"workprocess.default\">\n\t\t\t\t<div class=\"elementor-widget-container\">\n\t\t\t\t\t<!-- Start Work Porccess \r\n    ============================================= -->\r\n    <div class=\"work-process-area relative default-padding bottom-less bg-fixed\" style=\"background-image: url(https:\/\/quyalift.com\/wp-content\/themes\/dustra\/assets\/img\/bg.png);\" id=\"workprocess\">\r\n        <div class=\"container\">\r\n            <div class=\"row\">\r\n                <div class=\"col-lg-8 offset-lg-2\">\r\n                    <div class=\"site-heading text-center\">\r\n                        \t\t                        <h4>WITH QUALIFT ELEVATOR\n<\/h4>\r\n\t\t                    \t\t                    \t\t                        <h2>Business process\n<\/h2>\r\n\t\t                    \t\t\t\t\t\t\t\t\t                        <p>\n<\/p>\r\n\t\t                                    <\/div>\r\n                <\/div>\r\n            <\/div>\r\n            <div class=\"work-pro-items\">\r\n                <div class=\"row\">\r\n                \t\t                    <div class=\"col-lg-3 col-md-6 single-item\">\r\n\t                        <div class=\"item\">\r\n\t                            <div class=\"item-inner\">\r\n\t                                                                       <i class=\"flaticon-ruler\"><\/i>\r\n                                                                                                                                                \t\t                                <h4>\r\n\t\t                                \tExperienced Team<span>01<\/span>\r\n\t\t                                <\/h4>\r\n\t                                \t                                \t                                    <p>\r\n\t                                    \tWe make projects according to your wishes with advanced applications and our expert teams.\t                                    <\/p>\r\n\t                                \t                            <\/div>\r\n\t                        <\/div>\r\n\t                    <\/div>\r\n                    \t                    <div class=\"col-lg-3 col-md-6 single-item\">\r\n\t                        <div class=\"item\">\r\n\t                            <div class=\"item-inner\">\r\n\t                                                                       <i class=\"flaticon-creativity\"><\/i>\r\n                                                                                                                                                \t\t                                <h4>\r\n\t\t                                \tPlanning<span>02<\/span>\r\n\t\t                                <\/h4>\r\n\t                                \t                                \t                                    <p>\r\n\t                                    \tWe offer you various plans to implement the projects that suit your wishes.\t                                    <\/p>\r\n\t                                \t                            <\/div>\r\n\t                        <\/div>\r\n\t                    <\/div>\r\n                    \t                    <div class=\"col-lg-3 col-md-6 single-item\">\r\n\t                        <div class=\"item\">\r\n\t                            <div class=\"item-inner\">\r\n\t                                                                       <i class=\"flaticon-house\"><\/i>\r\n                                                                                                                                                \t\t                                <h4>\r\n\t\t                                \tEvolution<span>03<\/span>\r\n\t\t                                <\/h4>\r\n\t                                \t                                \t                                    <p>\r\n\t                                    \tBy developing the project you approve, we start the construction phase with our trained expert teams.\t                                    <\/p>\r\n\t                                \t                            <\/div>\r\n\t                        <\/div>\r\n\t                    <\/div>\r\n                    \t                    <div class=\"col-lg-3 col-md-6 single-item\">\r\n\t                        <div class=\"item\">\r\n\t                            <div class=\"item-inner\">\r\n\t                                                                       <i class=\"flaticon-antivirus\"><\/i>\r\n                                                                                                                                                \t\t                                <h4>\r\n\t\t                                \t100% Satisfaction<span>04<\/span>\r\n\t\t                                <\/h4>\r\n\t                                \t                                \t                                    <p>\r\n\t                                    \tWe deliver the project completely with our full satisfaction and service-oriented approach.\t                                    <\/p>\r\n\t                                \t                            <\/div>\r\n\t                        <\/div>\r\n\t                    <\/div>\r\n                                    <\/div>\r\n            <\/div>\r\n        <\/div>\r\n    <\/div>\r\n    <!-- End Work Porccess -->\r\n\t\t\t\t<\/div>\n\t\t\t\t<\/div>\n\t\t\t\t\t<\/div>\n\t\t<\/div>\n\t\t\t\t\t\t\t<\/div>\n\t\t<\/section>\n\t\t\t\t<section class=\"elementor-section elementor-top-section elementor-element elementor-element-5cd635b9 elementor-section-full_width elementor-section-stretched elementor-section-height-default elementor-section-height-default\" data-id=\"5cd635b9\" data-element_type=\"section\" data-settings=\"{&quot;stretch_section&quot;:&quot;section-stretched&quot;,&quot;background_background&quot;:&quot;classic&quot;}\">\n\t\t\t\t\t\t<div class=\"elementor-container elementor-column-gap-no\">\n\t\t\t\t\t<div class=\"elementor-column elementor-col-100 elementor-top-column elementor-element elementor-element-74ac2bd0\" data-id=\"74ac2bd0\" data-element_type=\"column\">\n\t\t\t<div class=\"elementor-widget-wrap\">\n\t\t\t\t\t\t\t\t\t<\/div>\n\t\t<\/div>\n\t\t\t\t\t\t\t<\/div>\n\t\t<\/section>\n\t\t\t\t<section class=\"elementor-section elementor-top-section elementor-element elementor-element-9d31881 elementor-section-boxed elementor-section-height-default elementor-section-height-default\" data-id=\"9d31881\" data-element_type=\"section\">\n\t\t\t\t\t\t<div class=\"elementor-container elementor-column-gap-default\">\n\t\t\t\t\t<div class=\"elementor-column elementor-col-100 elementor-top-column elementor-element elementor-element-67e64d1\" data-id=\"67e64d1\" data-element_type=\"column\">\n\t\t\t<div class=\"elementor-widget-wrap elementor-element-populated\">\n\t\t\t\t\t\t\t\t<div class=\"elementor-element elementor-element-18a2f9c elementor-widget elementor-widget-services\" data-id=\"18a2f9c\" data-element_type=\"widget\" data-widget_type=\"services.default\">\n\t\t\t\t<div class=\"elementor-widget-container\">\n\t\t\t\t\t\t<!-- Start Services Area\r\n\t\t    ============================================= -->\r\n\t\t    <div class=\"thumb-services-area shadow default-padding bottom-less\">\r\n\t\t        <!-- Shape -->\r\n\t\t        <div class=\"shape-bottom\" style=\"background-image: url();\"><\/div>\r\n\t\t        <!-- End Shape -->\r\n\t\t        <div class=\"container\">\r\n\t\t            <div class=\"thumb-services-items text-light\">\r\n\t\t                <div class=\"row\">\r\n\t\t                \t\t\t                    <!-- Single Item -->\r\n\t\t                    <div class=\"single-item col-lg-4 col-md-6\">\r\n\t\t                        <div class=\"item\" style=\"background-image: url(https:\/\/quyalift.com\/wp-content\/uploads\/2022\/06\/butonlar.png);\">\r\n\t\t                            <div class=\"content\">\r\n\t\t                                <div class=\"inner\">\r\n\t\t                                    \t\t\t                            \t\t\t\t                            \t\t<i class=\"flaticon-route\"><\/i>\r\n\t\t\t                            \t\t\t\t                            \t\t\t                                    <h4>Elevator Cabin Buttons<\/h4>\r\n\t\t                                    <p>\r\n\t\t                                       Elevator buttons produced for the elevator user to direct the elevator have functional features such as buttons for the floors\t\t                                    <\/p>\r\n\t\t                                <\/div>\r\n\t\t                                <div class=\"link\">\r\n\t\t                                    <a class=\"btn circle btn-theme effect btn-sm\" href=\"https:\/\/quyalift.com\/en\/urun\/elevator-cabin-buttons\/\">Read More<i class=\"fal fa-plus\"><\/i><\/a>\r\n\t\t                                <\/div>\r\n\t\t                            <\/div>\r\n\t\t                        <\/div>\r\n\t\t                    <\/div>\r\n\t\t                    <!-- End Single Item -->\r\n\t\t                    \t\t                    <!-- Single Item -->\r\n\t\t                    <div class=\"single-item col-lg-4 col-md-6\">\r\n\t\t                        <div class=\"item\" style=\"background-image: url(https:\/\/quyalift.com\/wp-content\/uploads\/2022\/06\/kat-butons.png);\">\r\n\t\t                            <div class=\"content\">\r\n\t\t                                <div class=\"inner\">\r\n\t\t                                    \t\t\t                            \t\t\t\t                            \t\t<i class=\"flaticon-puzzle\"><\/i>\r\n\t\t\t                            \t\t\t\t                            \t\t\t                                    <h4>Elevator Floor Buttons<\/h4>\r\n\t\t                                    <p>\r\n\t\t                                       The elevator floor button is located on each floor and is the system where the user sends a signal to\t\t                                    <\/p>\r\n\t\t                                <\/div>\r\n\t\t                                <div class=\"link\">\r\n\t\t                                    <a class=\"btn circle btn-theme effect btn-sm\" href=\"https:\/\/quyalift.com\/en\/urun\/elevator-floor-buttons\/\">Read More<i class=\"fal fa-plus\"><\/i><\/a>\r\n\t\t                                <\/div>\r\n\t\t                            <\/div>\r\n\t\t                        <\/div>\r\n\t\t                    <\/div>\r\n\t\t                    <!-- End Single Item -->\r\n\t\t                    \t\t                    <!-- Single Item -->\r\n\t\t                    <div class=\"single-item col-lg-4 col-md-6\">\r\n\t\t                        <div class=\"item\" style=\"background-image: url(https:\/\/quyalift.com\/wp-content\/uploads\/2022\/06\/kat-buton.png);\">\r\n\t\t                            <div class=\"content\">\r\n\t\t                                <div class=\"inner\">\r\n\t\t                                    \t\t\t                            \t\t\t\t                            \t\t<i class=\"flaticon-tablet\"><\/i>\r\n\t\t\t                            \t\t\t\t                            \t\t\t                                    <h4>Indicators<\/h4>\r\n\t\t                                    <p>\r\n\t\t                                       Elevator floor indicators are located on each floor. It is a system that numerically expresses the floor of the elevator\t\t                                    <\/p>\r\n\t\t                                <\/div>\r\n\t\t                                <div class=\"link\">\r\n\t\t                                    <a class=\"btn circle btn-theme effect btn-sm\" href=\"https:\/\/quyalift.com\/en\/urun\/indicators\/\">Read More<i class=\"fal fa-plus\"><\/i><\/a>\r\n\t\t                                <\/div>\r\n\t\t                            <\/div>\r\n\t\t                        <\/div>\r\n\t\t                    <\/div>\r\n\t\t                    <!-- End Single Item -->\r\n\t\t                    \t\t                <\/div>\r\n\t\t            <\/div>\r\n\t\t        <\/div>\r\n\t\t    <\/div>\r\n\t\t    <!-- End Services -->\r\n\t\t\t<\/div>\n\t\t\t\t<\/div>\n\t\t\t\t\t<\/div>\n\t\t<\/div>\n\t\t\t\t\t\t\t<\/div>\n\t\t<\/section>\n\t\t\t\t\t\t\t<\/div>\n\t\t","protected":false},"excerpt":{"rendered":"<p>Elevator Buttons Durable and Modern Elevator Button Models We design the material we use in elevator buttons by choosing stainless steel and plexi cover so that it is long-lasting and improved in terms of durability. If you need modern buttons, contact us now! Cabin Buttons Floor Buttons Indicators The elevator buttons produced for the elevator [&hellip;]<\/p>\n","protected":false},"author":1,"featured_media":0,"parent":0,"menu_order":0,"comment_status":"closed","ping_status":"closed","template":"","meta":{"footnotes":""},"class_list":["post-4728","page","type-page","status-publish","hentry"],"yoast_head":"<!-- This site is optimized with the Yoast SEO plugin v19.13 - https:\/\/yoast.com\/wordpress\/plugins\/seo\/ -->\n<title>Elevator Buttons &ndash; Quya Lift<\/title>\n<meta name=\"description\" content=\"Elevator Buttons hakk\u0131nda daha fazla bilgi almak i\u00e7in QuyaLift Elevator Buttons sayfas\u0131n\u0131 inceleyebilirsiniz.\" \/>\n<meta name=\"robots\" content=\"index, follow, max-snippet:-1, max-image-preview:large, max-video-preview:-1\" \/>\n<link rel=\"canonical\" href=\"https:\/\/quyalift.com\/en\/elevator-buttons\/\" \/>\n<meta property=\"og:locale\" content=\"en_US\" \/>\n<meta property=\"og:type\" content=\"article\" \/>\n<meta property=\"og:title\" content=\"Elevator Buttons &ndash; Quya Lift\" \/>\n<meta property=\"og:description\" content=\"Elevator Buttons hakk\u0131nda daha fazla bilgi almak i\u00e7in QuyaLift Elevator Buttons sayfas\u0131n\u0131 inceleyebilirsiniz.\" \/>\n<meta property=\"og:url\" content=\"https:\/\/quyalift.com\/en\/elevator-buttons\/\" \/>\n<meta property=\"og:site_name\" content=\"Quya Lift\" \/>\n<meta property=\"article:modified_time\" content=\"2022-07-24T15:12:57+00:00\" \/>\n<meta property=\"og:image\" content=\"https:\/\/quyalift.com\/wp-content\/uploads\/2022\/07\/asansor-dugme.jpg\" \/>\n<meta name=\"twitter:card\" content=\"summary_large_image\" \/>\n<meta name=\"twitter:label1\" content=\"Est. reading time\" \/>\n\t<meta name=\"twitter:data1\" content=\"2 minutes\" \/>\n<script type=\"application\/ld+json\" class=\"yoast-schema-graph\">{\"@context\":\"https:\/\/schema.org\",\"@graph\":[{\"@type\":\"WebPage\",\"@id\":\"https:\/\/quyalift.com\/en\/elevator-buttons\/\",\"url\":\"https:\/\/quyalift.com\/en\/elevator-buttons\/\",\"name\":\"Elevator Buttons &ndash; Quya Lift\",\"isPartOf\":{\"@id\":\"https:\/\/quyalift.com\/#website\"},\"datePublished\":\"2022-06-07T15:15:51+00:00\",\"dateModified\":\"2022-07-24T15:12:57+00:00\",\"description\":\"Elevator Buttons hakk\u0131nda daha fazla bilgi almak i\u00e7in QuyaLift Elevator Buttons sayfas\u0131n\u0131 inceleyebilirsiniz.\",\"breadcrumb\":{\"@id\":\"https:\/\/quyalift.com\/en\/elevator-buttons\/#breadcrumb\"},\"inLanguage\":\"en-US\",\"potentialAction\":[{\"@type\":\"ReadAction\",\"target\":[\"https:\/\/quyalift.com\/en\/elevator-buttons\/\"]}]},{\"@type\":\"BreadcrumbList\",\"@id\":\"https:\/\/quyalift.com\/en\/elevator-buttons\/#breadcrumb\",\"itemListElement\":[{\"@type\":\"ListItem\",\"position\":1,\"name\":\"Anasayfa\",\"item\":\"https:\/\/quyalift.com\/en\/\"},{\"@type\":\"ListItem\",\"position\":2,\"name\":\"Elevator Buttons\"}]},{\"@type\":\"WebSite\",\"@id\":\"https:\/\/quyalift.com\/#website\",\"url\":\"https:\/\/quyalift.com\/\",\"name\":\"Quya Lift\",\"description\":\"Kaliteyle Y\u00fckseliyoruz...\",\"publisher\":{\"@id\":\"https:\/\/quyalift.com\/#organization\"},\"potentialAction\":[{\"@type\":\"SearchAction\",\"target\":{\"@type\":\"EntryPoint\",\"urlTemplate\":\"https:\/\/quyalift.com\/?s={search_term_string}\"},\"query-input\":\"required name=search_term_string\"}],\"inLanguage\":\"en-US\"},{\"@type\":\"Organization\",\"@id\":\"https:\/\/quyalift.com\/#organization\",\"name\":\"Quyalift Elevator\",\"url\":\"https:\/\/quyalift.com\/\",\"logo\":{\"@type\":\"ImageObject\",\"inLanguage\":\"en-US\",\"@id\":\"https:\/\/quyalift.com\/#\/schema\/logo\/image\/\",\"url\":\"https:\/\/quyalift.com\/wp-content\/uploads\/2022\/06\/logo-qualift.png\",\"contentUrl\":\"https:\/\/quyalift.com\/wp-content\/uploads\/2022\/06\/logo-qualift.png\",\"width\":179,\"height\":90,\"caption\":\"Quyalift Elevator\"},\"image\":{\"@id\":\"https:\/\/quyalift.com\/#\/schema\/logo\/image\/\"}}]}<\/script>\n<!-- \/ Yoast SEO plugin. -->","yoast_head_json":{"title":"Elevator Buttons &ndash; Quya Lift","description":"Elevator Buttons hakk\u0131nda daha fazla bilgi almak i\u00e7in QuyaLift Elevator Buttons sayfas\u0131n\u0131 inceleyebilirsiniz.","robots":{"index":"index","follow":"follow","max-snippet":"max-snippet:-1","max-image-preview":"max-image-preview:large","max-video-preview":"max-video-preview:-1"},"canonical":"https:\/\/quyalift.com\/en\/elevator-buttons\/","og_locale":"en_US","og_type":"article","og_title":"Elevator Buttons &ndash; Quya Lift","og_description":"Elevator Buttons hakk\u0131nda daha fazla bilgi almak i\u00e7in QuyaLift Elevator Buttons sayfas\u0131n\u0131 inceleyebilirsiniz.","og_url":"https:\/\/quyalift.com\/en\/elevator-buttons\/","og_site_name":"Quya Lift","article_modified_time":"2022-07-24T15:12:57+00:00","og_image":[{"url":"https:\/\/quyalift.com\/wp-content\/uploads\/2022\/07\/asansor-dugme.jpg"}],"twitter_card":"summary_large_image","twitter_misc":{"Est. reading time":"2 minutes"},"schema":{"@context":"https:\/\/schema.org","@graph":[{"@type":"WebPage","@id":"https:\/\/quyalift.com\/en\/elevator-buttons\/","url":"https:\/\/quyalift.com\/en\/elevator-buttons\/","name":"Elevator Buttons &ndash; Quya Lift","isPartOf":{"@id":"https:\/\/quyalift.com\/#website"},"datePublished":"2022-06-07T15:15:51+00:00","dateModified":"2022-07-24T15:12:57+00:00","description":"Elevator Buttons hakk\u0131nda daha fazla bilgi almak i\u00e7in QuyaLift Elevator Buttons sayfas\u0131n\u0131 inceleyebilirsiniz.","breadcrumb":{"@id":"https:\/\/quyalift.com\/en\/elevator-buttons\/#breadcrumb"},"inLanguage":"en-US","potentialAction":[{"@type":"ReadAction","target":["https:\/\/quyalift.com\/en\/elevator-buttons\/"]}]},{"@type":"BreadcrumbList","@id":"https:\/\/quyalift.com\/en\/elevator-buttons\/#breadcrumb","itemListElement":[{"@type":"ListItem","position":1,"name":"Anasayfa","item":"https:\/\/quyalift.com\/en\/"},{"@type":"ListItem","position":2,"name":"Elevator Buttons"}]},{"@type":"WebSite","@id":"https:\/\/quyalift.com\/#website","url":"https:\/\/quyalift.com\/","name":"Quya Lift","description":"Kaliteyle Y\u00fckseliyoruz...","publisher":{"@id":"https:\/\/quyalift.com\/#organization"},"potentialAction":[{"@type":"SearchAction","target":{"@type":"EntryPoint","urlTemplate":"https:\/\/quyalift.com\/?s={search_term_string}"},"query-input":"required name=search_term_string"}],"inLanguage":"en-US"},{"@type":"Organization","@id":"https:\/\/quyalift.com\/#organization","name":"Quyalift Elevator","url":"https:\/\/quyalift.com\/","logo":{"@type":"ImageObject","inLanguage":"en-US","@id":"https:\/\/quyalift.com\/#\/schema\/logo\/image\/","url":"https:\/\/quyalift.com\/wp-content\/uploads\/2022\/06\/logo-qualift.png","contentUrl":"https:\/\/quyalift.com\/wp-content\/uploads\/2022\/06\/logo-qualift.png","width":179,"height":90,"caption":"Quyalift Elevator"},"image":{"@id":"https:\/\/quyalift.com\/#\/schema\/logo\/image\/"}}]}},"_links":{"self":[{"href":"https:\/\/quyalift.com\/en\/wp-json\/wp\/v2\/pages\/4728","targetHints":{"allow":["GET"]}}],"collection":[{"href":"https:\/\/quyalift.com\/en\/wp-json\/wp\/v2\/pages"}],"about":[{"href":"https:\/\/quyalift.com\/en\/wp-json\/wp\/v2\/types\/page"}],"author":[{"embeddable":true,"href":"https:\/\/quyalift.com\/en\/wp-json\/wp\/v2\/users\/1"}],"replies":[{"embeddable":true,"href":"https:\/\/quyalift.com\/en\/wp-json\/wp\/v2\/comments?post=4728"}],"version-history":[{"count":10,"href":"https:\/\/quyalift.com\/en\/wp-json\/wp\/v2\/pages\/4728\/revisions"}],"predecessor-version":[{"id":4768,"href":"https:\/\/quyalift.com\/en\/wp-json\/wp\/v2\/pages\/4728\/revisions\/4768"}],"wp:attachment":[{"href":"https:\/\/quyalift.com\/en\/wp-json\/wp\/v2\/media?parent=4728"}],"curies":[{"name":"wp","href":"https:\/\/api.w.org\/{rel}","templated":true}]}}