{"id":4729,"date":"2022-06-07T15:15:34","date_gmt":"2022-06-07T15:15:34","guid":{"rendered":"https:\/\/quyalift.com\/engelli-asansor-sistemleri\/"},"modified":"2022-08-21T22:12:18","modified_gmt":"2022-08-21T22:12:18","slug":"disabled-elevator-systems","status":"publish","type":"page","link":"https:\/\/quyalift.com\/en\/disabled-elevator-systems\/","title":{"rendered":"Disabled Elevator Systems"},"content":{"rendered":"\t\t<div data-elementor-type=\"wp-page\" data-elementor-id=\"4729\" class=\"elementor elementor-4729 elementor-1795\">\n\t\t\t\t\t\t\t\t\t<section class=\"elementor-section elementor-top-section elementor-element elementor-element-10897a95 elementor-section-full_width elementor-section-stretched elementor-section-height-default elementor-section-height-default\" data-id=\"10897a95\" data-element_type=\"section\" data-settings=\"{&quot;stretch_section&quot;:&quot;section-stretched&quot;}\">\n\t\t\t\t\t\t<div class=\"elementor-container elementor-column-gap-no\">\n\t\t\t\t\t<div class=\"elementor-column elementor-col-100 elementor-top-column elementor-element elementor-element-23c08c48\" data-id=\"23c08c48\" data-element_type=\"column\">\n\t\t\t<div class=\"elementor-widget-wrap elementor-element-populated\">\n\t\t\t\t\t\t\t\t<div class=\"elementor-element elementor-element-15d0d25b elementor-widget elementor-widget-about\" data-id=\"15d0d25b\" data-element_type=\"widget\" data-widget_type=\"about.default\">\n\t\t\t\t<div class=\"elementor-widget-container\">\n\t\t\t\t<!-- Start Our About\r\n    ============================================= -->\r\n    <div class=\"about-area overflow-hidden default-padding\">\r\n        <div class=\"container\">\r\n            <div class=\"about-style-four-layout\">\r\n                <div class=\"row align-center\">\r\n                    <div class=\"col-lg-6\">\r\n                        <div class=\"about-style-four-thumb\">\r\n                        \t                            <img decoding=\"async\" src=\"https:\/\/quyalift.com\/wp-content\/uploads\/2022\/07\/asansor-dugme-1.jpg\" alt=\"dustra\">\r\n                                                    <\/div>\r\n                    <\/div>\r\n                    <div class=\"col-lg-6\">\r\n                        <div class=\"about-style-four-info\">\r\n                            <h4>Disabled Elevator Systems<\/h4>\r\n                            <h2>Disabled Elevator Models that Make Life Easier at Quyalift!<\/h2>\r\n                            <p>Open, closed or horizontal disabled elevator models that we can position wherever you want, whether inside your home, in your apartment or in your office, are now waiting for you at Quyalift at affordable prices!<\/p>\r\n                            <div class=\"tab-content\">\r\n                                <ul id=\"tabs\" class=\"nav nav-tabs\">\r\n                                                        \t\t\t\t\r\n                                    <li class=\"nav-item\">\r\n                                        <a href=\"\" data-target=\"#tab1\" data-toggle=\"tab\" class=\"active nav-link\">Horizontal Type Seat Ladder<\/a>\r\n                                    <\/li>\r\n\t                                \t\r\n                                    <li class=\"nav-item\">\r\n                                        <a href=\"\" data-target=\"#tab2\" data-toggle=\"tab\" class=\" nav-link\">Open Type Disabled Platform<\/a>\r\n                                    <\/li>\r\n\t                                \t\r\n                                    <li class=\"nav-item\">\r\n                                        <a href=\"\" data-target=\"#tab3\" data-toggle=\"tab\" class=\" nav-link\">Closed Type Disabled Platform<\/a>\r\n                                    <\/li>\r\n\t                                \t                                \r\n                                <\/ul>\r\n                                <div id=\"tabsContent\" class=\"tab-content\">\r\n                                \t                                    <div id=\"tab1\" class=\"tab-pane fade active show\">\r\n                                        <ul>\n  <li>It is an elevator system that allows the elderly, disabled and people who cannot climb stairs, to go to the upper floor thanks to the platform and motor mounted next to the stairs. Your life will be easier with our stairlifts. All you have to do is inspect our stairs and call us.<\/li>\n<\/ul>                                    <\/div>\r\n\t                                                                    <div id=\"tab2\" class=\"tab-pane fade \">\r\n                                        <ul>\n  <li>It is an elevator system that allows the elderly, disabled and people who cannot climb stairs to go to the upper floor by wheelchair or motor vehicle, thanks to the platform and motor mounted next to the stairs. Our energy-efficient low platform elevators offer a simple solution for overcoming architectural barriers such as steps or differences in floor levels.<\/li>\n<\/ul>                                    <\/div>\r\n\t                                                                    <div id=\"tab3\" class=\"tab-pane fade \">\r\n                                        <ul>\n  <li>It is a closed elevator platform that allows people to go upstairs by wheelchair or motor vehicle thanks to the platform and motor mounted next to the stairs for the elderly, disabled and people who cannot climb stairs. Although closed disabled elevator systems can be sized according to your wishes, we also choose from ready-made productions and provide placement on the appropriate platform you want. Our platforms are designed for indoor and outdoor use.<\/li>\n<\/ul>                                    <\/div>\r\n\t                                \t\t                            \r\n                                <\/div>\r\n                            <\/div>\r\n                            <a class=\"btn-regular\" href=\"https:\/\/quyalift.com\/en\/contact-us\">Contact Us <i class=\"fas fa-angle-right\"><\/i><\/a>\r\n                        <\/div>\r\n                    <\/div>\r\n                <\/div>\r\n            <\/div>\r\n        <\/div>\r\n    <\/div>\r\n    <!-- End Our About -->\r\n    \t\t<\/div>\n\t\t\t\t<\/div>\n\t\t\t\t\t<\/div>\n\t\t<\/div>\n\t\t\t\t\t\t\t<\/div>\n\t\t<\/section>\n\t\t\t\t<section class=\"elementor-section elementor-top-section elementor-element elementor-element-7413ec3d elementor-section-full_width elementor-section-stretched elementor-section-height-default elementor-section-height-default\" data-id=\"7413ec3d\" data-element_type=\"section\" data-settings=\"{&quot;stretch_section&quot;:&quot;section-stretched&quot;}\">\n\t\t\t\t\t\t<div class=\"elementor-container elementor-column-gap-no\">\n\t\t\t\t\t<div class=\"elementor-column elementor-col-100 elementor-top-column elementor-element elementor-element-9c674d7\" data-id=\"9c674d7\" data-element_type=\"column\">\n\t\t\t<div class=\"elementor-widget-wrap elementor-element-populated\">\n\t\t\t\t\t\t\t\t<div class=\"elementor-element elementor-element-63dc5ad elementor-widget elementor-widget-workprocess\" data-id=\"63dc5ad\" data-element_type=\"widget\" data-widget_type=\"workprocess.default\">\n\t\t\t\t<div class=\"elementor-widget-container\">\n\t\t\t\t\t<!-- Start Work Porccess \r\n    ============================================= -->\r\n    <div class=\"work-process-area relative default-padding bottom-less bg-fixed\" style=\"background-image: url(https:\/\/quyalift.com\/wp-content\/themes\/dustra\/assets\/img\/bg.png);\" id=\"workprocess\">\r\n        <div class=\"container\">\r\n            <div class=\"row\">\r\n                <div class=\"col-lg-8 offset-lg-2\">\r\n                    <div class=\"site-heading text-center\">\r\n                        \t\t                        <h4>WITH QUYALIFT ELEVATOR\n<\/h4>\r\n\t\t                    \t\t                    \t\t                        <h2>Business process\n<\/h2>\r\n\t\t                    \t\t\t\t\t\t\t\t\t                        <p>\n<\/p>\r\n\t\t                                    <\/div>\r\n                <\/div>\r\n            <\/div>\r\n            <div class=\"work-pro-items\">\r\n                <div class=\"row\">\r\n                \t\t                    <div class=\"col-lg-3 col-md-6 single-item\">\r\n\t                        <div class=\"item\">\r\n\t                            <div class=\"item-inner\">\r\n\t                                                                       <i class=\"flaticon-ruler\"><\/i>\r\n                                                                                                                                                \t\t                                <h4>\r\n\t\t                                \tExperienced Team<span>01<\/span>\r\n\t\t                                <\/h4>\r\n\t                                \t                                \t                                    <p>\r\n\t                                    \tWe make projects according to your wishes with advanced applications and our expert teams.\t                                    <\/p>\r\n\t                                \t                            <\/div>\r\n\t                        <\/div>\r\n\t                    <\/div>\r\n                    \t                    <div class=\"col-lg-3 col-md-6 single-item\">\r\n\t                        <div class=\"item\">\r\n\t                            <div class=\"item-inner\">\r\n\t                                                                       <i class=\"flaticon-creativity\"><\/i>\r\n                                                                                                                                                \t\t                                <h4>\r\n\t\t                                \tPlanning<span>02<\/span>\r\n\t\t                                <\/h4>\r\n\t                                \t                                \t                                    <p>\r\n\t                                    \tWe make projects according to your wishes with advanced applications and our expert teams.\t                                    <\/p>\r\n\t                                \t                            <\/div>\r\n\t                        <\/div>\r\n\t                    <\/div>\r\n                    \t                    <div class=\"col-lg-3 col-md-6 single-item\">\r\n\t                        <div class=\"item\">\r\n\t                            <div class=\"item-inner\">\r\n\t                                                                       <i class=\"flaticon-house\"><\/i>\r\n                                                                                                                                                \t\t                                <h4>\r\n\t\t                                \tEvolution<span>03<\/span>\r\n\t\t                                <\/h4>\r\n\t                                \t                                \t                                    <p>\r\n\t                                    \tBy developing the project you approve, we start the construction phase with our trained expert teams.\t                                    <\/p>\r\n\t                                \t                            <\/div>\r\n\t                        <\/div>\r\n\t                    <\/div>\r\n                    \t                    <div class=\"col-lg-3 col-md-6 single-item\">\r\n\t                        <div class=\"item\">\r\n\t                            <div class=\"item-inner\">\r\n\t                                                                       <i class=\"flaticon-antivirus\"><\/i>\r\n                                                                                                                                                \t\t                                <h4>\r\n\t\t                                \t100% Satisfaction<span>04<\/span>\r\n\t\t                                <\/h4>\r\n\t                                \t                                \t                                    <p>\r\n\t                                    \tWe deliver the project completely with our full satisfaction and service-oriented approach.\t                                    <\/p>\r\n\t                                \t                            <\/div>\r\n\t                        <\/div>\r\n\t                    <\/div>\r\n                                    <\/div>\r\n            <\/div>\r\n        <\/div>\r\n    <\/div>\r\n    <!-- End Work Porccess -->\r\n\t\t\t\t<\/div>\n\t\t\t\t<\/div>\n\t\t\t\t\t<\/div>\n\t\t<\/div>\n\t\t\t\t\t\t\t<\/div>\n\t\t<\/section>\n\t\t\t\t<section class=\"elementor-section elementor-top-section elementor-element elementor-element-d7a5865 elementor-section-full_width elementor-section-stretched elementor-section-height-default elementor-section-height-default\" data-id=\"d7a5865\" data-element_type=\"section\" data-settings=\"{&quot;stretch_section&quot;:&quot;section-stretched&quot;,&quot;background_background&quot;:&quot;classic&quot;}\">\n\t\t\t\t\t\t<div class=\"elementor-container elementor-column-gap-no\">\n\t\t\t\t\t<div class=\"elementor-column elementor-col-100 elementor-top-column elementor-element elementor-element-201cddea\" data-id=\"201cddea\" data-element_type=\"column\">\n\t\t\t<div class=\"elementor-widget-wrap\">\n\t\t\t\t\t\t\t\t\t<\/div>\n\t\t<\/div>\n\t\t\t\t\t\t\t<\/div>\n\t\t<\/section>\n\t\t\t\t<section class=\"elementor-section elementor-top-section elementor-element elementor-element-3d39f57 elementor-section-boxed elementor-section-height-default elementor-section-height-default\" data-id=\"3d39f57\" data-element_type=\"section\">\n\t\t\t\t\t\t<div class=\"elementor-container elementor-column-gap-default\">\n\t\t\t\t\t<div class=\"elementor-column elementor-col-100 elementor-top-column elementor-element elementor-element-28ee78f\" data-id=\"28ee78f\" data-element_type=\"column\">\n\t\t\t<div class=\"elementor-widget-wrap elementor-element-populated\">\n\t\t\t\t\t\t\t\t<div class=\"elementor-element elementor-element-617ae0e elementor-widget elementor-widget-services\" data-id=\"617ae0e\" data-element_type=\"widget\" data-widget_type=\"services.default\">\n\t\t\t\t<div class=\"elementor-widget-container\">\n\t\t\t\t\t\t<!-- Start Services Area\r\n\t\t    ============================================= -->\r\n\t\t    <div class=\"thumb-services-area shadow default-padding bottom-less\">\r\n\t\t        <!-- Shape -->\r\n\t\t        <div class=\"shape-bottom\" style=\"background-image: url();\"><\/div>\r\n\t\t        <!-- End Shape -->\r\n\t\t        <div class=\"container\">\r\n\t\t            <div class=\"thumb-services-items text-light\">\r\n\t\t                <div class=\"row\">\r\n\t\t                \t\t\t                    <!-- Single Item -->\r\n\t\t                    <div class=\"single-item col-lg-4 col-md-6\">\r\n\t\t                        <div class=\"item\" style=\"background-image: url(https:\/\/quyalift.com\/wp-content\/uploads\/2022\/06\/merdiven.png);\">\r\n\t\t                            <div class=\"content\">\r\n\t\t                                <div class=\"inner\">\r\n\t\t                                    \t\t\t                            \t\t\t\t                            \t\t<i class=\"flaticon-golden-gate\"><\/i>\r\n\t\t\t                            \t\t\t\t                            \t\t\t                                    <h4>Horizontal Type Stair Lift with Seat<\/h4>\r\n\t\t                                    <p>\r\n\t\t                                       It is an elevator system that allows people to go upstairs thanks to the platform and motor mounted next to\t\t                                    <\/p>\r\n\t\t                                <\/div>\r\n\t\t                                <div class=\"link\">\r\n\t\t                                    <a class=\"btn circle btn-theme effect btn-sm\" href=\"https:\/\/quyalift.com\/en\/urun\/horizontal-type-stair-lift-with-seat\/\">Read More<i class=\"fal fa-plus\"><\/i><\/a>\r\n\t\t                                <\/div>\r\n\t\t                            <\/div>\r\n\t\t                        <\/div>\r\n\t\t                    <\/div>\r\n\t\t                    <!-- End Single Item -->\r\n\t\t                    \t\t                <\/div>\r\n\t\t            <\/div>\r\n\t\t        <\/div>\r\n\t\t    <\/div>\r\n\t\t    <!-- End Services -->\r\n\t\t\t<\/div>\n\t\t\t\t<\/div>\n\t\t\t\t\t<\/div>\n\t\t<\/div>\n\t\t\t\t\t\t\t<\/div>\n\t\t<\/section>\n\t\t\t\t\t\t\t<\/div>\n\t\t","protected":false},"excerpt":{"rendered":"<p>Disabled Elevator Systems Disabled Elevator Models that Make Life Easier at Quyalift! Open, closed or horizontal disabled elevator models that we can position wherever you want, whether inside your home, in your apartment or in your office, are now waiting for you at Quyalift at affordable prices! Horizontal Type Seat Ladder Open Type Disabled Platform [&hellip;]<\/p>\n","protected":false},"author":1,"featured_media":0,"parent":0,"menu_order":0,"comment_status":"closed","ping_status":"closed","template":"","meta":{"footnotes":""},"class_list":["post-4729","page","type-page","status-publish","hentry"],"yoast_head":"<!-- This site is optimized with the Yoast SEO plugin v19.13 - https:\/\/yoast.com\/wordpress\/plugins\/seo\/ -->\n<title>Disabled Elevator Systems &ndash; Quya Lift<\/title>\n<meta name=\"description\" content=\"Disabled Elevator Systems hakk\u0131nda daha fazla bilgi almak i\u00e7in QuyaLift Disabled Elevator Systems sayfas\u0131n\u0131 inceleyebilirsiniz.\" \/>\n<meta name=\"robots\" content=\"index, follow, max-snippet:-1, max-image-preview:large, max-video-preview:-1\" \/>\n<link rel=\"canonical\" href=\"https:\/\/quyalift.com\/en\/disabled-elevator-systems\/\" \/>\n<meta property=\"og:locale\" content=\"en_US\" \/>\n<meta property=\"og:type\" content=\"article\" \/>\n<meta property=\"og:title\" content=\"Disabled Elevator Systems &ndash; Quya Lift\" \/>\n<meta property=\"og:description\" content=\"Disabled Elevator Systems hakk\u0131nda daha fazla bilgi almak i\u00e7in QuyaLift Disabled Elevator Systems sayfas\u0131n\u0131 inceleyebilirsiniz.\" \/>\n<meta property=\"og:url\" content=\"https:\/\/quyalift.com\/en\/disabled-elevator-systems\/\" \/>\n<meta property=\"og:site_name\" content=\"Quya Lift\" \/>\n<meta property=\"article:modified_time\" content=\"2022-08-21T22:12:18+00:00\" \/>\n<meta property=\"og:image\" content=\"https:\/\/quyalift.com\/wp-content\/uploads\/2022\/07\/asansor-dugme-1.jpg\" \/>\n<meta name=\"twitter:card\" content=\"summary_large_image\" \/>\n<meta name=\"twitter:label1\" content=\"Est. reading time\" \/>\n\t<meta name=\"twitter:data1\" content=\"2 minutes\" \/>\n<script type=\"application\/ld+json\" class=\"yoast-schema-graph\">{\"@context\":\"https:\/\/schema.org\",\"@graph\":[{\"@type\":\"WebPage\",\"@id\":\"https:\/\/quyalift.com\/en\/disabled-elevator-systems\/\",\"url\":\"https:\/\/quyalift.com\/en\/disabled-elevator-systems\/\",\"name\":\"Disabled Elevator Systems &ndash; Quya Lift\",\"isPartOf\":{\"@id\":\"https:\/\/quyalift.com\/#website\"},\"datePublished\":\"2022-06-07T15:15:34+00:00\",\"dateModified\":\"2022-08-21T22:12:18+00:00\",\"description\":\"Disabled Elevator Systems hakk\u0131nda daha fazla bilgi almak i\u00e7in QuyaLift Disabled Elevator Systems sayfas\u0131n\u0131 inceleyebilirsiniz.\",\"breadcrumb\":{\"@id\":\"https:\/\/quyalift.com\/en\/disabled-elevator-systems\/#breadcrumb\"},\"inLanguage\":\"en-US\",\"potentialAction\":[{\"@type\":\"ReadAction\",\"target\":[\"https:\/\/quyalift.com\/en\/disabled-elevator-systems\/\"]}]},{\"@type\":\"BreadcrumbList\",\"@id\":\"https:\/\/quyalift.com\/en\/disabled-elevator-systems\/#breadcrumb\",\"itemListElement\":[{\"@type\":\"ListItem\",\"position\":1,\"name\":\"Anasayfa\",\"item\":\"https:\/\/quyalift.com\/en\/\"},{\"@type\":\"ListItem\",\"position\":2,\"name\":\"Disabled Elevator Systems\"}]},{\"@type\":\"WebSite\",\"@id\":\"https:\/\/quyalift.com\/#website\",\"url\":\"https:\/\/quyalift.com\/\",\"name\":\"Quya Lift\",\"description\":\"Kaliteyle Y\u00fckseliyoruz...\",\"publisher\":{\"@id\":\"https:\/\/quyalift.com\/#organization\"},\"potentialAction\":[{\"@type\":\"SearchAction\",\"target\":{\"@type\":\"EntryPoint\",\"urlTemplate\":\"https:\/\/quyalift.com\/?s={search_term_string}\"},\"query-input\":\"required name=search_term_string\"}],\"inLanguage\":\"en-US\"},{\"@type\":\"Organization\",\"@id\":\"https:\/\/quyalift.com\/#organization\",\"name\":\"Quyalift Elevator\",\"url\":\"https:\/\/quyalift.com\/\",\"logo\":{\"@type\":\"ImageObject\",\"inLanguage\":\"en-US\",\"@id\":\"https:\/\/quyalift.com\/#\/schema\/logo\/image\/\",\"url\":\"https:\/\/quyalift.com\/wp-content\/uploads\/2022\/06\/logo-qualift.png\",\"contentUrl\":\"https:\/\/quyalift.com\/wp-content\/uploads\/2022\/06\/logo-qualift.png\",\"width\":179,\"height\":90,\"caption\":\"Quyalift Elevator\"},\"image\":{\"@id\":\"https:\/\/quyalift.com\/#\/schema\/logo\/image\/\"}}]}<\/script>\n<!-- \/ Yoast SEO plugin. -->","yoast_head_json":{"title":"Disabled Elevator Systems &ndash; Quya Lift","description":"Disabled Elevator Systems hakk\u0131nda daha fazla bilgi almak i\u00e7in QuyaLift Disabled Elevator Systems sayfas\u0131n\u0131 inceleyebilirsiniz.","robots":{"index":"index","follow":"follow","max-snippet":"max-snippet:-1","max-image-preview":"max-image-preview:large","max-video-preview":"max-video-preview:-1"},"canonical":"https:\/\/quyalift.com\/en\/disabled-elevator-systems\/","og_locale":"en_US","og_type":"article","og_title":"Disabled Elevator Systems &ndash; Quya Lift","og_description":"Disabled Elevator Systems hakk\u0131nda daha fazla bilgi almak i\u00e7in QuyaLift Disabled Elevator Systems sayfas\u0131n\u0131 inceleyebilirsiniz.","og_url":"https:\/\/quyalift.com\/en\/disabled-elevator-systems\/","og_site_name":"Quya Lift","article_modified_time":"2022-08-21T22:12:18+00:00","og_image":[{"url":"https:\/\/quyalift.com\/wp-content\/uploads\/2022\/07\/asansor-dugme-1.jpg"}],"twitter_card":"summary_large_image","twitter_misc":{"Est. reading time":"2 minutes"},"schema":{"@context":"https:\/\/schema.org","@graph":[{"@type":"WebPage","@id":"https:\/\/quyalift.com\/en\/disabled-elevator-systems\/","url":"https:\/\/quyalift.com\/en\/disabled-elevator-systems\/","name":"Disabled Elevator Systems &ndash; Quya Lift","isPartOf":{"@id":"https:\/\/quyalift.com\/#website"},"datePublished":"2022-06-07T15:15:34+00:00","dateModified":"2022-08-21T22:12:18+00:00","description":"Disabled Elevator Systems hakk\u0131nda daha fazla bilgi almak i\u00e7in QuyaLift Disabled Elevator Systems sayfas\u0131n\u0131 inceleyebilirsiniz.","breadcrumb":{"@id":"https:\/\/quyalift.com\/en\/disabled-elevator-systems\/#breadcrumb"},"inLanguage":"en-US","potentialAction":[{"@type":"ReadAction","target":["https:\/\/quyalift.com\/en\/disabled-elevator-systems\/"]}]},{"@type":"BreadcrumbList","@id":"https:\/\/quyalift.com\/en\/disabled-elevator-systems\/#breadcrumb","itemListElement":[{"@type":"ListItem","position":1,"name":"Anasayfa","item":"https:\/\/quyalift.com\/en\/"},{"@type":"ListItem","position":2,"name":"Disabled Elevator Systems"}]},{"@type":"WebSite","@id":"https:\/\/quyalift.com\/#website","url":"https:\/\/quyalift.com\/","name":"Quya Lift","description":"Kaliteyle Y\u00fckseliyoruz...","publisher":{"@id":"https:\/\/quyalift.com\/#organization"},"potentialAction":[{"@type":"SearchAction","target":{"@type":"EntryPoint","urlTemplate":"https:\/\/quyalift.com\/?s={search_term_string}"},"query-input":"required name=search_term_string"}],"inLanguage":"en-US"},{"@type":"Organization","@id":"https:\/\/quyalift.com\/#organization","name":"Quyalift Elevator","url":"https:\/\/quyalift.com\/","logo":{"@type":"ImageObject","inLanguage":"en-US","@id":"https:\/\/quyalift.com\/#\/schema\/logo\/image\/","url":"https:\/\/quyalift.com\/wp-content\/uploads\/2022\/06\/logo-qualift.png","contentUrl":"https:\/\/quyalift.com\/wp-content\/uploads\/2022\/06\/logo-qualift.png","width":179,"height":90,"caption":"Quyalift Elevator"},"image":{"@id":"https:\/\/quyalift.com\/#\/schema\/logo\/image\/"}}]}},"_links":{"self":[{"href":"https:\/\/quyalift.com\/en\/wp-json\/wp\/v2\/pages\/4729","targetHints":{"allow":["GET"]}}],"collection":[{"href":"https:\/\/quyalift.com\/en\/wp-json\/wp\/v2\/pages"}],"about":[{"href":"https:\/\/quyalift.com\/en\/wp-json\/wp\/v2\/types\/page"}],"author":[{"embeddable":true,"href":"https:\/\/quyalift.com\/en\/wp-json\/wp\/v2\/users\/1"}],"replies":[{"embeddable":true,"href":"https:\/\/quyalift.com\/en\/wp-json\/wp\/v2\/comments?post=4729"}],"version-history":[{"count":13,"href":"https:\/\/quyalift.com\/en\/wp-json\/wp\/v2\/pages\/4729\/revisions"}],"predecessor-version":[{"id":6098,"href":"https:\/\/quyalift.com\/en\/wp-json\/wp\/v2\/pages\/4729\/revisions\/6098"}],"wp:attachment":[{"href":"https:\/\/quyalift.com\/en\/wp-json\/wp\/v2\/media?parent=4729"}],"curies":[{"name":"wp","href":"https:\/\/api.w.org\/{rel}","templated":true}]}}