{"id":4784,"date":"2021-10-23T14:46:05","date_gmt":"2021-10-23T14:46:05","guid":{"rendered":"https:\/\/quyalift.com\/hakkimizda\/"},"modified":"2022-07-24T15:26:19","modified_gmt":"2022-07-24T15:26:19","slug":"about-us","status":"publish","type":"page","link":"https:\/\/quyalift.com\/en\/about-us\/","title":{"rendered":"About Us"},"content":{"rendered":"\t\t<div data-elementor-type=\"wp-page\" data-elementor-id=\"4784\" class=\"elementor elementor-4784 elementor-199\">\n\t\t\t\t\t\t\t\t\t<section class=\"elementor-section elementor-top-section elementor-element elementor-element-d2e76d4 elementor-section-full_width elementor-section-stretched elementor-section-height-default elementor-section-height-default\" data-id=\"d2e76d4\" data-element_type=\"section\" data-settings=\"{&quot;stretch_section&quot;:&quot;section-stretched&quot;}\">\n\t\t\t\t\t\t<div class=\"elementor-container elementor-column-gap-no\">\n\t\t\t\t\t<div class=\"elementor-column elementor-col-100 elementor-top-column elementor-element elementor-element-4b8534a\" data-id=\"4b8534a\" data-element_type=\"column\">\n\t\t\t<div class=\"elementor-widget-wrap elementor-element-populated\">\n\t\t\t\t\t\t\t\t<div class=\"elementor-element elementor-element-7dc233c elementor-widget elementor-widget-about\" data-id=\"7dc233c\" data-element_type=\"widget\" data-widget_type=\"about.default\">\n\t\t\t\t<div class=\"elementor-widget-container\">\n\t\t\t    <!-- Start Our About\r\n    ============================================= -->\r\n    <div class=\"about-area overflow-hidden shape-box default-padding\" >\r\n    \t <!-- Fixed Shape -->\r\n        <div class=\"fixed-shape\">\r\n            <img decoding=\"async\" src=\"https:\/\/quyalift.com\/wp-content\/themes\/dustra\/assets\/img\/shape\/1.png\" alt=\"dustra\">\r\n        <\/div>\r\n        <!-- End Fixed Shape -->\r\n        <div class=\"container\">\r\n            <div class=\"about-box\">\r\n                <div class=\"row align-center\">\r\n                    <div class=\"col-lg-6 thumb-left\">\r\n                        <div class=\"thumb\">\r\n                        \t                        \t\t<img decoding=\"async\" class=\"item-mousemove\" src=\"https:\/\/quyalift.com\/wp-content\/uploads\/2022\/06\/qualift.jpg\" alt=\"dustra\">\r\n                            \t\t\r\n                           \r\n                                                        <div class=\"experiecne\">\r\n                                <h2>12<\/h2>\r\n                                <h5>Years Experience<\/h5>\r\n                            <\/div>\r\n                                                    <\/div>\r\n                    <\/div>\r\n                    <div class=\"col-lg-6 info\">\r\n                        <h2>Who Are We?<\/h2>\nQuyalift Elevator was established in 2010 and is in an important place in the sector as a constantly growing and developing company by prioritizing the principle of customer satisfaction and trust in the field of elevator systems and elevator equipment.\n\nOur company, which supports its ever-growing infrastructure with its exports, without compromising its quality and honest working policy, has become a well-known company in Turkey and all over the world. It is the basic principle of our company to provide customer satisfaction by providing alternative options to our valued customers with different product alternatives, and by producing on-site solutions with our fast and effective service networks.\n\nSince the day it was founded, Quyalift Elevator products comply with international standards; It has been registered with Quality Management Certificates.\n<ul>\n <li>Superior quality service concept<\/li>\n <li>Fast and effective service networks<\/li>\n <li>100% customer satisfaction<\/li>\n<\/ul>                        <div class=\"bottom\">\r\n                        \t                                                    <\/div>\r\n                    <\/div>\r\n                <\/div>\r\n            <\/div>\r\n        <\/div>\r\n    <\/div>\r\n    <!-- End Our About -->\r\n\r\n\t\t\t<\/div>\n\t\t\t\t<\/div>\n\t\t\t\t\t<\/div>\n\t\t<\/div>\n\t\t\t\t\t\t\t<\/div>\n\t\t<\/section>\n\t\t\t\t<section class=\"elementor-section elementor-top-section elementor-element elementor-element-50fbb0d elementor-section-full_width elementor-section-stretched elementor-section-height-default elementor-section-height-default\" data-id=\"50fbb0d\" data-element_type=\"section\" data-settings=\"{&quot;stretch_section&quot;:&quot;section-stretched&quot;}\">\n\t\t\t\t\t\t<div class=\"elementor-container elementor-column-gap-no\">\n\t\t\t\t\t<div class=\"elementor-column elementor-col-100 elementor-top-column elementor-element elementor-element-73a74a2\" data-id=\"73a74a2\" data-element_type=\"column\">\n\t\t\t<div class=\"elementor-widget-wrap elementor-element-populated\">\n\t\t\t\t\t\t\t\t<div class=\"elementor-element elementor-element-94d4f76 elementor-widget elementor-widget-chose\" data-id=\"94d4f76\" data-element_type=\"widget\" data-widget_type=\"chose.default\">\n\t\t\t\t<div class=\"elementor-widget-container\">\n\t\t\t\r\n\t<!-- Start Why Chose Us \r\n    ============================================= -->\r\n    <div class=\"why-us-area default-padding shadow bg-dark text-light\">\r\n        <!-- Fixed Thumb -->\r\n        <div class=\"fixed-thumb bg-cover\" style=\"background-image: url(https:\/\/quyalift.com\/wp-content\/uploads\/2022\/07\/lift22.png);\"><\/div>\r\n        <!-- End Fixed Thumb -->\r\n        <div class=\"container\">\r\n            <div class=\"row align-center\">\r\n                <div class=\"col-lg-5 offset-lg-3 left-info\">\r\n                    <div class=\"content\">\r\n                        <h4>WHY CHOOSE US?\n<\/h4>\r\n                        <h2>We Offer You Innovative Solutions\n<\/h2>\r\n                                                <a class=\"btn btn-light effect btn-md\" href=\"\/contact-us\/\">Contact Us<\/a>\r\n                                            <\/div>\r\n                <\/div>\r\n                <div class=\"col-lg-4 info\">\r\n                    <div class=\"content\">\r\n                        <ul>\r\n                            \t                            <li>\r\n\t                            \t\t                                \t<h5>Reliability<\/h5>\r\n\t                            \t\t                            \t\t                                \t<p>By contacting our references, you can get information about our transactions and confirm our reliability.<\/p>\r\n\t                                \t                            <\/li>\r\n                            \t                            <li>\r\n\t                            \t\t                                \t<h5>Innovation<\/h5>\r\n\t                            \t\t                            \t\t                                \t<p>We create innovative designs and present our work to you.<\/p>\r\n\t                                \t                            <\/li>\r\n                            \t                            <li>\r\n\t                            \t\t                                \t<h5>Smart Technology<\/h5>\r\n\t                            \t\t                            \t\t                                \t<p>We use the latest technological tools in our work.<\/p>\r\n\t                                \t                            <\/li>\r\n                                                    <\/ul>\r\n                    <\/div>\r\n                <\/div>\r\n            <\/div>\r\n        <\/div>\r\n    <\/div>\r\n    <!-- End Why Chose Us -->\r\n    \t\t<\/div>\n\t\t\t\t<\/div>\n\t\t\t\t\t<\/div>\n\t\t<\/div>\n\t\t\t\t\t\t\t<\/div>\n\t\t<\/section>\n\t\t\t\t<section class=\"elementor-section elementor-top-section elementor-element elementor-element-5fcd515 elementor-section-full_width elementor-section-stretched elementor-section-height-default elementor-section-height-default\" data-id=\"5fcd515\" data-element_type=\"section\" data-settings=\"{&quot;stretch_section&quot;:&quot;section-stretched&quot;,&quot;background_background&quot;:&quot;classic&quot;}\">\n\t\t\t\t\t\t<div class=\"elementor-container elementor-column-gap-no\">\n\t\t\t\t\t<div class=\"elementor-column elementor-col-100 elementor-top-column elementor-element elementor-element-4888572\" data-id=\"4888572\" data-element_type=\"column\">\n\t\t\t<div class=\"elementor-widget-wrap\">\n\t\t\t\t\t\t\t\t\t<\/div>\n\t\t<\/div>\n\t\t\t\t\t\t\t<\/div>\n\t\t<\/section>\n\t\t\t\t<section class=\"elementor-section elementor-top-section elementor-element elementor-element-25c4325 elementor-section-full_width elementor-section-stretched elementor-section-height-default elementor-section-height-default\" data-id=\"25c4325\" data-element_type=\"section\" data-settings=\"{&quot;stretch_section&quot;:&quot;section-stretched&quot;,&quot;background_background&quot;:&quot;classic&quot;}\">\n\t\t\t\t\t\t\t<div class=\"elementor-background-overlay\"><\/div>\n\t\t\t\t\t\t\t<div class=\"elementor-container elementor-column-gap-no\">\n\t\t\t\t\t<div class=\"elementor-column elementor-col-100 elementor-top-column elementor-element elementor-element-760a40c\" data-id=\"760a40c\" data-element_type=\"column\">\n\t\t\t<div class=\"elementor-widget-wrap elementor-element-populated\">\n\t\t\t\t\t\t\t\t<div class=\"elementor-element elementor-element-1a31f01 elementor-widget elementor-widget-workprocess\" data-id=\"1a31f01\" data-element_type=\"widget\" data-widget_type=\"workprocess.default\">\n\t\t\t\t<div class=\"elementor-widget-container\">\n\t\t\t\t\t<!-- Start Work Porccess \r\n    ============================================= -->\r\n    <div class=\"work-process-area relative default-padding bottom-less bg-fixed\" style=\"background-image: url(https:\/\/quyalift.com\/wp-content\/themes\/dustra\/assets\/img\/bg.png);\" id=\"workprocess\">\r\n        <div class=\"container\">\r\n            <div class=\"row\">\r\n                <div class=\"col-lg-8 offset-lg-2\">\r\n                    <div class=\"site-heading text-center\">\r\n                        \t\t                        <h4>How we work<\/h4>\r\n\t\t                    \t\t                    \t\t                        <h2>Business process<\/h2>\r\n\t\t                    \t\t\t\t\t\t\t                    <\/div>\r\n                <\/div>\r\n            <\/div>\r\n            <div class=\"work-pro-items\">\r\n                <div class=\"row\">\r\n                \t\t                    <div class=\"col-lg-4 col-md-6 single-item\">\r\n\t                        <div class=\"item\">\r\n\t                            <div class=\"item-inner\">\r\n\t                                                                       <i class=\"flaticon-ruler\"><\/i>\r\n                                                                                                                                                \t\t                                <h4>\r\n\t\t                                \tDesign<span>01<\/span>\r\n\t\t                                <\/h4>\r\n\t                                \t                                \t                                    <p>\r\n\t                                    \tWe make designs according to your wishes with advanced applications.\t                                    <\/p>\r\n\t                                \t                            <\/div>\r\n\t                        <\/div>\r\n\t                    <\/div>\r\n                    \t                    <div class=\"col-lg-4 col-md-6 single-item\">\r\n\t                        <div class=\"item\">\r\n\t                            <div class=\"item-inner\">\r\n\t                                                                       <i class=\"flaticon-creativity\"><\/i>\r\n                                                                                                                                                \t\t                                <h4>\r\n\t\t                                \tPlanning<span>02<\/span>\r\n\t\t                                <\/h4>\r\n\t                                \t                                \t                                    <p>\r\n\t                                    \tWe make various plans with our team to implement the design and present it to you.\t                                    <\/p>\r\n\t                                \t                            <\/div>\r\n\t                        <\/div>\r\n\t                    <\/div>\r\n                    \t                    <div class=\"col-lg-4 col-md-6 single-item\">\r\n\t                        <div class=\"item\">\r\n\t                            <div class=\"item-inner\">\r\n\t                                                                       <i class=\"flaticon-house\"><\/i>\r\n                                                                                                                                                \t\t                                <h4>\r\n\t\t                                \tDevelopment<span>03<\/span>\r\n\t\t                                <\/h4>\r\n\t                                \t                                \t                                    <p>\r\n\t                                    \tWe develop the plan that you approve and start the construction phase.\t                                    <\/p>\r\n\t                                \t                            <\/div>\r\n\t                        <\/div>\r\n\t                    <\/div>\r\n                                    <\/div>\r\n            <\/div>\r\n        <\/div>\r\n    <\/div>\r\n    <!-- End Work Porccess -->\r\n\t\t\t\t<\/div>\n\t\t\t\t<\/div>\n\t\t\t\t<div class=\"elementor-element elementor-element-9503ad8 elementor-widget elementor-widget-clients\" data-id=\"9503ad8\" data-element_type=\"widget\" data-widget_type=\"clients.default\">\n\t\t\t\t<div class=\"elementor-widget-container\">\n\t\t\t\r\n\t<!-- Start Clients Area\r\n    ============================================= -->\r\n    <div class=\"clients-area default-padding bg-dark text-light\">\r\n    \t        <!-- Fixed Shape -->\r\n        <div class=\"fixed-shape\">\r\n            <img decoding=\"async\" src=\"https:\/\/quyalift.com\/wp-content\/themes\/dustra\/assets\/img\/shape\/1.png\" alt=\"dustra\">\r\n        <\/div>\r\n    \t        <!-- End Fixed Shape -->\r\n        <div class=\"container\">\r\n            <div class=\"clients-item-box\">\r\n                <div class=\"row align-center\">\r\n                    <div class=\"col-lg-5 left-info\">\r\n                        <h2>Our Partners\n<\/h2>\r\n                        <p>\r\n                            Forming two comfort invited. Yet she income effect edward. Entire desire way design few. Mrs sentiments led solicitude estimating friendship fat. Meant those event                        <\/p>\r\n                    <\/div>\r\n                    <div class=\"col-lg-6 offset-lg-1 clients-box\">\r\n                        <div class=\"clients-items owl-carousel owl-theme text-center\">\r\n                            \t                            <div class=\"single-item\">\r\n\t                                <a href=\"https:\/\/quyalift.com\/wp-content\/uploads\/2022\/07\/snaydo.png\"><img decoding=\"async\" src=\"https:\/\/quyalift.com\/wp-content\/uploads\/2022\/07\/snaydo.png\" alt=\"dustra\"><\/a>\r\n\t                            <\/div>\r\n\t                        \t                            <div class=\"single-item\">\r\n\t                                <a href=\"https:\/\/quyalift.com\/wp-content\/uploads\/2022\/07\/hedefsanlogo.png\"><img decoding=\"async\" src=\"https:\/\/quyalift.com\/wp-content\/uploads\/2022\/07\/hedefsanlogo.png\" alt=\"dustra\"><\/a>\r\n\t                            <\/div>\r\n\t                        \t                            <div class=\"single-item\">\r\n\t                                <a href=\"https:\/\/quyalift.com\/wp-content\/uploads\/2022\/07\/siemenslogo.png\"><img decoding=\"async\" src=\"https:\/\/quyalift.com\/wp-content\/uploads\/2022\/07\/siemenslogo.png\" alt=\"dustra\"><\/a>\r\n\t                            <\/div>\r\n\t                        \t                            <div class=\"single-item\">\r\n\t                                <a href=\"https:\/\/quyalift.com\/wp-content\/uploads\/2022\/07\/arkellogo.png\"><img decoding=\"async\" src=\"https:\/\/quyalift.com\/wp-content\/uploads\/2022\/07\/arkellogo.png\" alt=\"dustra\"><\/a>\r\n\t                            <\/div>\r\n\t                        \t                            <div class=\"single-item\">\r\n\t                                <a href=\"https:\/\/quyalift.com\/wp-content\/uploads\/2022\/07\/Fujilogo.png\"><img decoding=\"async\" src=\"https:\/\/quyalift.com\/wp-content\/uploads\/2022\/07\/Fujilogo.png\" alt=\"dustra\"><\/a>\r\n\t                            <\/div>\r\n\t                        \t                            <div class=\"single-item\">\r\n\t                                <a href=\"https:\/\/quyalift.com\/wp-content\/uploads\/2022\/07\/mikroliftProje.png\"><img decoding=\"async\" src=\"https:\/\/quyalift.com\/wp-content\/uploads\/2022\/07\/mikroliftProje.png\" alt=\"dustra\"><\/a>\r\n\t                            <\/div>\r\n\t                          \r\n                        <\/div>\r\n                    <\/div>\r\n                <\/div>\r\n            <\/div>\r\n        <\/div>\r\n    <\/div>\r\n    <!-- End Clients Area -->\r\n    \t\t\t<\/div>\n\t\t\t\t<\/div>\n\t\t\t\t\t<\/div>\n\t\t<\/div>\n\t\t\t\t\t\t\t<\/div>\n\t\t<\/section>\n\t\t\t\t\t\t\t<\/div>\n\t\t","protected":false},"excerpt":{"rendered":"<p>12 Years Experience Who Are We? Quyalift Elevator was established in 2010 and is in an important place in the sector as a constantly growing and developing company by prioritizing the principle of customer satisfaction and trust in the field of elevator systems and elevator equipment. Our company, which supports its ever-growing infrastructure with its [&hellip;]<\/p>\n","protected":false},"author":1,"featured_media":0,"parent":0,"menu_order":0,"comment_status":"closed","ping_status":"closed","template":"page-template\/dustra-template.php","meta":{"footnotes":""},"class_list":["post-4784","page","type-page","status-publish","hentry"],"yoast_head":"<!-- This site is optimized with the Yoast SEO plugin v19.13 - https:\/\/yoast.com\/wordpress\/plugins\/seo\/ -->\n<title>About Us &ndash; Quya Lift<\/title>\n<meta name=\"description\" content=\"About Us hakk\u0131nda daha fazla bilgi almak i\u00e7in QuyaLift About Us sayfas\u0131n\u0131 inceleyebilirsiniz.\" \/>\n<meta name=\"robots\" content=\"index, follow, max-snippet:-1, max-image-preview:large, max-video-preview:-1\" \/>\n<link rel=\"canonical\" href=\"https:\/\/quyalift.com\/en\/about-us\/\" \/>\n<meta property=\"og:locale\" content=\"en_US\" \/>\n<meta property=\"og:type\" content=\"article\" \/>\n<meta property=\"og:title\" content=\"About Us &ndash; Quya Lift\" \/>\n<meta property=\"og:description\" content=\"About Us hakk\u0131nda daha fazla bilgi almak i\u00e7in QuyaLift About Us sayfas\u0131n\u0131 inceleyebilirsiniz.\" \/>\n<meta property=\"og:url\" content=\"https:\/\/quyalift.com\/en\/about-us\/\" \/>\n<meta property=\"og:site_name\" content=\"Quya Lift\" \/>\n<meta property=\"article:modified_time\" content=\"2022-07-24T15:26:19+00:00\" \/>\n<meta property=\"og:image\" content=\"https:\/\/quyalift.com\/wp-content\/themes\/dustra\/assets\/img\/shape\/1.png\" \/>\n<meta name=\"twitter:card\" content=\"summary_large_image\" \/>\n<meta name=\"twitter:label1\" content=\"Est. reading time\" \/>\n\t<meta name=\"twitter:data1\" content=\"1 minute\" \/>\n<script type=\"application\/ld+json\" class=\"yoast-schema-graph\">{\"@context\":\"https:\/\/schema.org\",\"@graph\":[{\"@type\":\"WebPage\",\"@id\":\"https:\/\/quyalift.com\/en\/about-us\/\",\"url\":\"https:\/\/quyalift.com\/en\/about-us\/\",\"name\":\"About Us &ndash; Quya Lift\",\"isPartOf\":{\"@id\":\"https:\/\/quyalift.com\/#website\"},\"datePublished\":\"2021-10-23T14:46:05+00:00\",\"dateModified\":\"2022-07-24T15:26:19+00:00\",\"description\":\"About Us hakk\u0131nda daha fazla bilgi almak i\u00e7in QuyaLift About Us sayfas\u0131n\u0131 inceleyebilirsiniz.\",\"breadcrumb\":{\"@id\":\"https:\/\/quyalift.com\/en\/about-us\/#breadcrumb\"},\"inLanguage\":\"en-US\",\"potentialAction\":[{\"@type\":\"ReadAction\",\"target\":[\"https:\/\/quyalift.com\/en\/about-us\/\"]}]},{\"@type\":\"BreadcrumbList\",\"@id\":\"https:\/\/quyalift.com\/en\/about-us\/#breadcrumb\",\"itemListElement\":[{\"@type\":\"ListItem\",\"position\":1,\"name\":\"Anasayfa\",\"item\":\"https:\/\/quyalift.com\/en\/\"},{\"@type\":\"ListItem\",\"position\":2,\"name\":\"About Us\"}]},{\"@type\":\"WebSite\",\"@id\":\"https:\/\/quyalift.com\/#website\",\"url\":\"https:\/\/quyalift.com\/\",\"name\":\"Quya Lift\",\"description\":\"Kaliteyle Y\u00fckseliyoruz...\",\"publisher\":{\"@id\":\"https:\/\/quyalift.com\/#organization\"},\"potentialAction\":[{\"@type\":\"SearchAction\",\"target\":{\"@type\":\"EntryPoint\",\"urlTemplate\":\"https:\/\/quyalift.com\/?s={search_term_string}\"},\"query-input\":\"required name=search_term_string\"}],\"inLanguage\":\"en-US\"},{\"@type\":\"Organization\",\"@id\":\"https:\/\/quyalift.com\/#organization\",\"name\":\"Quyalift Elevator\",\"url\":\"https:\/\/quyalift.com\/\",\"logo\":{\"@type\":\"ImageObject\",\"inLanguage\":\"en-US\",\"@id\":\"https:\/\/quyalift.com\/#\/schema\/logo\/image\/\",\"url\":\"https:\/\/quyalift.com\/wp-content\/uploads\/2022\/06\/logo-qualift.png\",\"contentUrl\":\"https:\/\/quyalift.com\/wp-content\/uploads\/2022\/06\/logo-qualift.png\",\"width\":179,\"height\":90,\"caption\":\"Quyalift Elevator\"},\"image\":{\"@id\":\"https:\/\/quyalift.com\/#\/schema\/logo\/image\/\"}}]}<\/script>\n<!-- \/ Yoast SEO plugin. -->","yoast_head_json":{"title":"About Us &ndash; Quya Lift","description":"About Us hakk\u0131nda daha fazla bilgi almak i\u00e7in QuyaLift About Us sayfas\u0131n\u0131 inceleyebilirsiniz.","robots":{"index":"index","follow":"follow","max-snippet":"max-snippet:-1","max-image-preview":"max-image-preview:large","max-video-preview":"max-video-preview:-1"},"canonical":"https:\/\/quyalift.com\/en\/about-us\/","og_locale":"en_US","og_type":"article","og_title":"About Us &ndash; Quya Lift","og_description":"About Us hakk\u0131nda daha fazla bilgi almak i\u00e7in QuyaLift About Us sayfas\u0131n\u0131 inceleyebilirsiniz.","og_url":"https:\/\/quyalift.com\/en\/about-us\/","og_site_name":"Quya Lift","article_modified_time":"2022-07-24T15:26:19+00:00","og_image":[{"url":"https:\/\/quyalift.com\/wp-content\/themes\/dustra\/assets\/img\/shape\/1.png"}],"twitter_card":"summary_large_image","twitter_misc":{"Est. reading time":"1 minute"},"schema":{"@context":"https:\/\/schema.org","@graph":[{"@type":"WebPage","@id":"https:\/\/quyalift.com\/en\/about-us\/","url":"https:\/\/quyalift.com\/en\/about-us\/","name":"About Us &ndash; Quya Lift","isPartOf":{"@id":"https:\/\/quyalift.com\/#website"},"datePublished":"2021-10-23T14:46:05+00:00","dateModified":"2022-07-24T15:26:19+00:00","description":"About Us hakk\u0131nda daha fazla bilgi almak i\u00e7in QuyaLift About Us sayfas\u0131n\u0131 inceleyebilirsiniz.","breadcrumb":{"@id":"https:\/\/quyalift.com\/en\/about-us\/#breadcrumb"},"inLanguage":"en-US","potentialAction":[{"@type":"ReadAction","target":["https:\/\/quyalift.com\/en\/about-us\/"]}]},{"@type":"BreadcrumbList","@id":"https:\/\/quyalift.com\/en\/about-us\/#breadcrumb","itemListElement":[{"@type":"ListItem","position":1,"name":"Anasayfa","item":"https:\/\/quyalift.com\/en\/"},{"@type":"ListItem","position":2,"name":"About Us"}]},{"@type":"WebSite","@id":"https:\/\/quyalift.com\/#website","url":"https:\/\/quyalift.com\/","name":"Quya Lift","description":"Kaliteyle Y\u00fckseliyoruz...","publisher":{"@id":"https:\/\/quyalift.com\/#organization"},"potentialAction":[{"@type":"SearchAction","target":{"@type":"EntryPoint","urlTemplate":"https:\/\/quyalift.com\/?s={search_term_string}"},"query-input":"required name=search_term_string"}],"inLanguage":"en-US"},{"@type":"Organization","@id":"https:\/\/quyalift.com\/#organization","name":"Quyalift Elevator","url":"https:\/\/quyalift.com\/","logo":{"@type":"ImageObject","inLanguage":"en-US","@id":"https:\/\/quyalift.com\/#\/schema\/logo\/image\/","url":"https:\/\/quyalift.com\/wp-content\/uploads\/2022\/06\/logo-qualift.png","contentUrl":"https:\/\/quyalift.com\/wp-content\/uploads\/2022\/06\/logo-qualift.png","width":179,"height":90,"caption":"Quyalift Elevator"},"image":{"@id":"https:\/\/quyalift.com\/#\/schema\/logo\/image\/"}}]}},"_links":{"self":[{"href":"https:\/\/quyalift.com\/en\/wp-json\/wp\/v2\/pages\/4784","targetHints":{"allow":["GET"]}}],"collection":[{"href":"https:\/\/quyalift.com\/en\/wp-json\/wp\/v2\/pages"}],"about":[{"href":"https:\/\/quyalift.com\/en\/wp-json\/wp\/v2\/types\/page"}],"author":[{"embeddable":true,"href":"https:\/\/quyalift.com\/en\/wp-json\/wp\/v2\/users\/1"}],"replies":[{"embeddable":true,"href":"https:\/\/quyalift.com\/en\/wp-json\/wp\/v2\/comments?post=4784"}],"version-history":[{"count":4,"href":"https:\/\/quyalift.com\/en\/wp-json\/wp\/v2\/pages\/4784\/revisions"}],"predecessor-version":[{"id":4789,"href":"https:\/\/quyalift.com\/en\/wp-json\/wp\/v2\/pages\/4784\/revisions\/4789"}],"wp:attachment":[{"href":"https:\/\/quyalift.com\/en\/wp-json\/wp\/v2\/media?parent=4784"}],"curies":[{"name":"wp","href":"https:\/\/api.w.org\/{rel}","templated":true}]}}