{"id":5163,"date":"2022-06-07T15:15:35","date_gmt":"2022-06-07T15:15:35","guid":{"rendered":"https:\/\/quyalift.com\/asansor-kabinleri\/"},"modified":"2022-08-22T10:30:55","modified_gmt":"2022-08-22T10:30:55","slug":"cabines-dascenseur","status":"publish","type":"page","link":"https:\/\/quyalift.com\/fr\/cabines-dascenseur\/","title":{"rendered":"Cabines d&#8217;ascenseur"},"content":{"rendered":"\t\t<div data-elementor-type=\"wp-page\" data-elementor-id=\"5163\" class=\"elementor elementor-5163 elementor-1797\">\n\t\t\t\t\t\t\t\t\t<section class=\"elementor-section elementor-top-section elementor-element elementor-element-3269af5d elementor-section-full_width elementor-section-stretched elementor-section-height-default elementor-section-height-default\" data-id=\"3269af5d\" data-element_type=\"section\" data-settings=\"{&quot;stretch_section&quot;:&quot;section-stretched&quot;}\">\n\t\t\t\t\t\t<div class=\"elementor-container elementor-column-gap-no\">\n\t\t\t\t\t<div class=\"elementor-column elementor-col-100 elementor-top-column elementor-element elementor-element-232f5f29\" data-id=\"232f5f29\" data-element_type=\"column\">\n\t\t\t<div class=\"elementor-widget-wrap elementor-element-populated\">\n\t\t\t\t\t\t\t\t<div class=\"elementor-element elementor-element-762fe0c1 elementor-widget elementor-widget-about\" data-id=\"762fe0c1\" data-element_type=\"widget\" data-widget_type=\"about.default\">\n\t\t\t\t<div class=\"elementor-widget-container\">\n\t\t\t\t<!-- Start Our About\r\n    ============================================= -->\r\n    <div class=\"about-area overflow-hidden default-padding\">\r\n        <div class=\"container\">\r\n            <div class=\"about-style-four-layout\">\r\n                <div class=\"row align-center\">\r\n                    <div class=\"col-lg-6\">\r\n                        <div class=\"about-style-four-thumb\">\r\n                        \t                            <img decoding=\"async\" src=\"https:\/\/quyalift.com\/wp-content\/uploads\/2022\/07\/asansor-kabinleri.jpg\" alt=\"dustra\">\r\n                                                    <\/div>\r\n                    <\/div>\r\n                    <div class=\"col-lg-6\">\r\n                        <div class=\"about-style-four-info\">\r\n                            <h4>Cabines d&#039;ascenseur<\/h4>\r\n                            <h2>Mod\u00e8les de cabine d&#039;ascenseur de nouvelle g\u00e9n\u00e9ration et modernes<\/h2>\r\n                            <p>Des mod\u00e8les de cabines d&#039;ascenseur, fabriqu\u00e9s avec les derni\u00e8res technologies et au design \u00e9l\u00e9gant, vous attendent chez Quyalift. Jetez un coup d&#039;\u0153il aux derni\u00e8res options de cabine du syst\u00e8me avec les boutons de cabine et les fonctionnalit\u00e9s avanc\u00e9es!<\/p>\r\n                            <div class=\"tab-content\">\r\n                                <ul id=\"tabs\" class=\"nav nav-tabs\">\r\n                                                        \t\t\t\t\r\n                                    <li class=\"nav-item\">\r\n                                        <a href=\"\" data-target=\"#tab1\" data-toggle=\"tab\" class=\"active nav-link\">Mod\u00e8les de cabine d&#039;ascenseur<\/a>\r\n                                    <\/li>\r\n\t                                \t\r\n                                    <li class=\"nav-item\">\r\n                                        <a href=\"\" data-target=\"#tab2\" data-toggle=\"tab\" class=\" nav-link\">Mod\u00e8les de plafond d&#039;ascenseur<\/a>\r\n                                    <\/li>\r\n\t                                \t                                \r\n                                <\/ul>\r\n                                <div id=\"tabsContent\" class=\"tab-content\">\r\n                                \t                                    <div id=\"tab1\" class=\"tab-pane fade active show\">\r\n                                        <ul>\n  <li>Il s&#039;agit d&#039;une salle de transport g\u00e9n\u00e9ralement ferm\u00e9e qui est produite conform\u00e9ment aux normes internationales et garantit la s\u00e9curit\u00e9 des personnes ou des marchandises lors de leur transport. Pour les mod\u00e8les de cabine qui peuvent \u00eatre con\u00e7us et appliqu\u00e9s selon vos go\u00fbts, vous pouvez parcourir le catalogue de nos produits.<\/li>\n<\/ul>                                    <\/div>\r\n\t                                                                    <div id=\"tab2\" class=\"tab-pane fade \">\r\n                                        <ul>\n  <li>Le plafond de l&#039;ascenseur fait \u00e0 la fois partie int\u00e9grante de la machinerie int\u00e9rieure et constitue une surface d\u00e9corative sur chaque cabine d&#039;ascenseur. Que vous recherchiez un plafond suspendu, un diffuseur \u00e0 persiennes standard ou un plafond sur mesure, nous sommes l\u00e0 pour nous assurer que tout est con\u00e7u et fabriqu\u00e9 selon toutes les sp\u00e9cifications requises.<\/li>\n<\/ul>                                    <\/div>\r\n\t                                \t\t                            \r\n                                <\/div>\r\n                            <\/div>\r\n                            <a class=\"btn-regular\" href=\"https:\/\/quyalift.com\/fr\/communication\/\">Nous contacter <i class=\"fas fa-angle-right\"><\/i><\/a>\r\n                        <\/div>\r\n                    <\/div>\r\n                <\/div>\r\n            <\/div>\r\n        <\/div>\r\n    <\/div>\r\n    <!-- End Our About -->\r\n    \t\t<\/div>\n\t\t\t\t<\/div>\n\t\t\t\t\t<\/div>\n\t\t<\/div>\n\t\t\t\t\t\t\t<\/div>\n\t\t<\/section>\n\t\t\t\t<section class=\"elementor-section elementor-top-section elementor-element elementor-element-4726a5f7 elementor-section-full_width elementor-section-stretched elementor-section-height-default elementor-section-height-default\" data-id=\"4726a5f7\" data-element_type=\"section\" data-settings=\"{&quot;stretch_section&quot;:&quot;section-stretched&quot;}\">\n\t\t\t\t\t\t<div class=\"elementor-container elementor-column-gap-no\">\n\t\t\t\t\t<div class=\"elementor-column elementor-col-100 elementor-top-column elementor-element elementor-element-16c3c029\" data-id=\"16c3c029\" data-element_type=\"column\">\n\t\t\t<div class=\"elementor-widget-wrap elementor-element-populated\">\n\t\t\t\t\t\t\t\t<div class=\"elementor-element elementor-element-4957d45c elementor-widget elementor-widget-workprocess\" data-id=\"4957d45c\" data-element_type=\"widget\" data-widget_type=\"workprocess.default\">\n\t\t\t\t<div class=\"elementor-widget-container\">\n\t\t\t\t\t<!-- Start Work Porccess \r\n    ============================================= -->\r\n    <div class=\"work-process-area relative default-padding bottom-less bg-fixed\" style=\"background-image: url(https:\/\/quyalift.com\/wp-content\/themes\/dustra\/assets\/img\/bg.png);\" id=\"workprocess\">\r\n        <div class=\"container\">\r\n            <div class=\"row\">\r\n                <div class=\"col-lg-8 offset-lg-2\">\r\n                    <div class=\"site-heading text-center\">\r\n                        \t\t                        <h4>AVEC ASCENSEUR QUYALIFT\n<\/h4>\r\n\t\t                    \t\t                    \t\t                        <h2>Processus d&#039;affaires\n<\/h2>\r\n\t\t                    \t\t\t\t\t\t\t\t\t                        <p>\n<\/p>\r\n\t\t                                    <\/div>\r\n                <\/div>\r\n            <\/div>\r\n            <div class=\"work-pro-items\">\r\n                <div class=\"row\">\r\n                \t\t                    <div class=\"col-lg-3 col-md-6 single-item\">\r\n\t                        <div class=\"item\">\r\n\t                            <div class=\"item-inner\">\r\n\t                                                                       <i class=\"flaticon-ruler\"><\/i>\r\n                                                                                                                                                \t\t                                <h4>\r\n\t\t                                \t\u00c9quipe exp\u00e9riment\u00e9e<span>01<\/span>\r\n\t\t                                <\/h4>\r\n\t                                \t                                \t                                    <p>\r\n\t                                    \tNous r\u00e9alisons des projets selon vos souhaits avec des applications avanc\u00e9es et nos \u00e9quipes expertes.\t                                    <\/p>\r\n\t                                \t                            <\/div>\r\n\t                        <\/div>\r\n\t                    <\/div>\r\n                    \t                    <div class=\"col-lg-3 col-md-6 single-item\">\r\n\t                        <div class=\"item\">\r\n\t                            <div class=\"item-inner\">\r\n\t                                                                       <i class=\"flaticon-creativity\"><\/i>\r\n                                                                                                                                                \t\t                                <h4>\r\n\t\t                                \tPlanification<span>02<\/span>\r\n\t\t                                <\/h4>\r\n\t                                \t                                \t                                    <p>\r\n\t                                    \tNous vous proposons diff\u00e9rents plans pour r\u00e9aliser les projets qui correspondent \u00e0 vos souhaits.\t                                    <\/p>\r\n\t                                \t                            <\/div>\r\n\t                        <\/div>\r\n\t                    <\/div>\r\n                    \t                    <div class=\"col-lg-3 col-md-6 single-item\">\r\n\t                        <div class=\"item\">\r\n\t                            <div class=\"item-inner\">\r\n\t                                                                       <i class=\"flaticon-house\"><\/i>\r\n                                                                                                                                                \t\t                                <h4>\r\n\t\t                                \td\u00e9veloppement<span>03<\/span>\r\n\t\t                                <\/h4>\r\n\t                                \t                                \t                                    <p>\r\n\t                                    \tEn \u00e9laborant le projet que vous approuvez, nous commen\u00e7ons la phase de construction avec nos \u00e9quipes d&#039;experts form\u00e9s.\t                                    <\/p>\r\n\t                                \t                            <\/div>\r\n\t                        <\/div>\r\n\t                    <\/div>\r\n                    \t                    <div class=\"col-lg-3 col-md-6 single-item\">\r\n\t                        <div class=\"item\">\r\n\t                            <div class=\"item-inner\">\r\n\t                                                                       <i class=\"flaticon-antivirus\"><\/i>\r\n                                                                                                                                                \t\t                                <h4>\r\n\t\t                                \t100% satisfait<span>04<\/span>\r\n\t\t                                <\/h4>\r\n\t                                \t                                \t                                    <p>\r\n\t                                    \tNous livrons le projet enti\u00e8rement avec notre enti\u00e8re satisfaction et notre approche ax\u00e9e sur le service.\t                                    <\/p>\r\n\t                                \t                            <\/div>\r\n\t                        <\/div>\r\n\t                    <\/div>\r\n                                    <\/div>\r\n            <\/div>\r\n        <\/div>\r\n    <\/div>\r\n    <!-- End Work Porccess -->\r\n\t\t\t\t<\/div>\n\t\t\t\t<\/div>\n\t\t\t\t\t<\/div>\n\t\t<\/div>\n\t\t\t\t\t\t\t<\/div>\n\t\t<\/section>\n\t\t\t\t<section class=\"elementor-section elementor-top-section elementor-element elementor-element-23a64277 elementor-section-full_width elementor-section-stretched elementor-section-height-default elementor-section-height-default\" data-id=\"23a64277\" data-element_type=\"section\" data-settings=\"{&quot;stretch_section&quot;:&quot;section-stretched&quot;,&quot;background_background&quot;:&quot;classic&quot;}\">\n\t\t\t\t\t\t<div class=\"elementor-container elementor-column-gap-no\">\n\t\t\t\t\t<div class=\"elementor-column elementor-col-100 elementor-top-column elementor-element elementor-element-147391c4\" data-id=\"147391c4\" data-element_type=\"column\">\n\t\t\t<div class=\"elementor-widget-wrap\">\n\t\t\t\t\t\t\t\t\t<\/div>\n\t\t<\/div>\n\t\t\t\t\t\t\t<\/div>\n\t\t<\/section>\n\t\t\t\t<section class=\"elementor-section elementor-top-section elementor-element elementor-element-396b1ed elementor-section-boxed elementor-section-height-default elementor-section-height-default\" data-id=\"396b1ed\" data-element_type=\"section\">\n\t\t\t\t\t\t<div class=\"elementor-container elementor-column-gap-default\">\n\t\t\t\t\t<div class=\"elementor-column elementor-col-100 elementor-top-column elementor-element elementor-element-8b8619f\" data-id=\"8b8619f\" data-element_type=\"column\">\n\t\t\t<div class=\"elementor-widget-wrap elementor-element-populated\">\n\t\t\t\t\t\t\t\t<div class=\"elementor-element elementor-element-63c001a elementor-widget elementor-widget-services\" data-id=\"63c001a\" data-element_type=\"widget\" data-widget_type=\"services.default\">\n\t\t\t\t<div class=\"elementor-widget-container\">\n\t\t\t\t\t\t<!-- Start Services Area\r\n\t\t    ============================================= -->\r\n\t\t    <div class=\"thumb-services-area shadow default-padding bottom-less\">\r\n\t\t        <!-- Shape -->\r\n\t\t        <div class=\"shape-bottom\" style=\"background-image: url();\"><\/div>\r\n\t\t        <!-- End Shape -->\r\n\t\t        <div class=\"container\">\r\n\t\t            <div class=\"thumb-services-items text-light\">\r\n\t\t                <div class=\"row\">\r\n\t\t                \t\t\t                    <!-- Single Item -->\r\n\t\t                    <div class=\"single-item col-lg-4 col-md-6\">\r\n\t\t                        <div class=\"item\" style=\"background-image: url(https:\/\/quyalift.com\/wp-content\/uploads\/2022\/07\/asansor-kabin-modelleri.jpg);\">\r\n\t\t                            <div class=\"content\">\r\n\t\t                                <div class=\"inner\">\r\n\t\t                                    \t\t\t                            \t\t\t\t                            \t\t<i class=\"flaticon-building\"><\/i>\r\n\t\t\t                            \t\t\t\t                            \t\t\t                                    <h4>Mod\u00e8les de cabine d&#8217;ascenseur<\/h4>\r\n\t\t                                    <p>\r\n\t\t                                       Il s&#039;agit d&#039;une salle de transport g\u00e9n\u00e9ralement ferm\u00e9e qui est produite conform\u00e9ment aux normes internationales et assure la s\u00e9curit\u00e9 des\t\t                                    <\/p>\r\n\t\t                                <\/div>\r\n\t\t                                <div class=\"link\">\r\n\t\t                                    <a class=\"btn circle btn-theme effect btn-sm\" href=\"https:\/\/quyalift.com\/fr\/urun\/modeles-de-cabine-dascenseur\/\">Lire la suite<i class=\"fal fa-plus\"><\/i><\/a>\r\n\t\t                                <\/div>\r\n\t\t                            <\/div>\r\n\t\t                        <\/div>\r\n\t\t                    <\/div>\r\n\t\t                    <!-- End Single Item -->\r\n\t\t                    \t\t                    <!-- Single Item -->\r\n\t\t                    <div class=\"single-item col-lg-4 col-md-6\">\r\n\t\t                        <div class=\"item\" style=\"background-image: url(https:\/\/quyalift.com\/wp-content\/uploads\/2022\/06\/tavan.png);\">\r\n\t\t                            <div class=\"content\">\r\n\t\t                                <div class=\"inner\">\r\n\t\t                                    \t\t\t                            \t\t\t\t                            \t\t<i class=\"flaticon-solar-panel\"><\/i>\r\n\t\t\t                            \t\t\t\t                            \t\t\t                                    <h4>Mod\u00e8les de plafond<\/h4>\r\n\t\t                                    <p>\r\n\t\t                                       Vous pouvez fa\u00e7onner la partie plafond des cabines d&#039;ascenseur avec des mat\u00e9riaux et des motifs qui correspondent \u00e0 vos go\u00fbts.\t\t                                    <\/p>\r\n\t\t                                <\/div>\r\n\t\t                                <div class=\"link\">\r\n\t\t                                    <a class=\"btn circle btn-theme effect btn-sm\" href=\"https:\/\/quyalift.com\/fr\/urun\/modeles-de-plafond\/\">Lire la suite<i class=\"fal fa-plus\"><\/i><\/a>\r\n\t\t                                <\/div>\r\n\t\t                            <\/div>\r\n\t\t                        <\/div>\r\n\t\t                    <\/div>\r\n\t\t                    <!-- End Single Item -->\r\n\t\t                    \t\t                <\/div>\r\n\t\t            <\/div>\r\n\t\t        <\/div>\r\n\t\t    <\/div>\r\n\t\t    <!-- End Services -->\r\n\t\t\t<\/div>\n\t\t\t\t<\/div>\n\t\t\t\t\t<\/div>\n\t\t<\/div>\n\t\t\t\t\t\t\t<\/div>\n\t\t<\/section>\n\t\t\t\t\t\t\t<\/div>\n\t\t","protected":false},"excerpt":{"rendered":"<p>Cabines d&#039;ascenseur Mod\u00e8les de cabine d&#039;ascenseur de nouvelle g\u00e9n\u00e9ration et modernes Des mod\u00e8les de cabines d&#039;ascenseur, fabriqu\u00e9s avec les derni\u00e8res technologies et au design \u00e9l\u00e9gant, vous attendent chez Quyalift. Jetez un coup d&#039;\u0153il aux derni\u00e8res options de cabine du syst\u00e8me avec les boutons de cabine et les fonctionnalit\u00e9s avanc\u00e9es! Mod\u00e8les de cabine d&#039;ascenseur Mod\u00e8les de [&hellip;]<\/p>\n","protected":false},"author":1,"featured_media":0,"parent":0,"menu_order":0,"comment_status":"closed","ping_status":"closed","template":"","meta":{"footnotes":""},"class_list":["post-5163","page","type-page","status-publish","hentry"],"yoast_head":"<!-- This site is optimized with the Yoast SEO plugin v19.13 - https:\/\/yoast.com\/wordpress\/plugins\/seo\/ -->\n<title>Cabines d&#039;ascenseur &ndash; Quya Lift<\/title>\n<meta name=\"description\" content=\"Cabines d&#039;ascenseur hakk\u0131nda daha fazla bilgi almak i\u00e7in QuyaLift Cabines d&#039;ascenseur sayfas\u0131n\u0131 inceleyebilirsiniz.\" \/>\n<meta name=\"robots\" content=\"index, follow, max-snippet:-1, max-image-preview:large, max-video-preview:-1\" \/>\n<link rel=\"canonical\" href=\"https:\/\/quyalift.com\/fr\/cabines-dascenseur\/\" \/>\n<meta property=\"og:locale\" content=\"fr_FR\" \/>\n<meta property=\"og:type\" content=\"article\" \/>\n<meta property=\"og:title\" content=\"Cabines d&#039;ascenseur &ndash; Quya Lift\" \/>\n<meta property=\"og:description\" content=\"Cabines d&#039;ascenseur hakk\u0131nda daha fazla bilgi almak i\u00e7in QuyaLift Cabines d&#039;ascenseur sayfas\u0131n\u0131 inceleyebilirsiniz.\" \/>\n<meta property=\"og:url\" content=\"https:\/\/quyalift.com\/fr\/cabines-dascenseur\/\" \/>\n<meta property=\"og:site_name\" content=\"Quya Lift\" \/>\n<meta property=\"article:modified_time\" content=\"2022-08-22T10:30:55+00:00\" \/>\n<meta property=\"og:image\" content=\"https:\/\/quyalift.com\/wp-content\/uploads\/2022\/07\/asansor-kabinleri.jpg\" \/>\n<meta name=\"twitter:card\" content=\"summary_large_image\" \/>\n<meta name=\"twitter:label1\" content=\"Dur\u00e9e de lecture estim\u00e9e\" \/>\n\t<meta name=\"twitter:data1\" content=\"2 minutes\" \/>\n<script type=\"application\/ld+json\" class=\"yoast-schema-graph\">{\"@context\":\"https:\/\/schema.org\",\"@graph\":[{\"@type\":\"WebPage\",\"@id\":\"https:\/\/quyalift.com\/fr\/cabines-dascenseur\/\",\"url\":\"https:\/\/quyalift.com\/fr\/cabines-dascenseur\/\",\"name\":\"Cabines d'ascenseur &ndash; Quya Lift\",\"isPartOf\":{\"@id\":\"https:\/\/quyalift.com\/#website\"},\"datePublished\":\"2022-06-07T15:15:35+00:00\",\"dateModified\":\"2022-08-22T10:30:55+00:00\",\"description\":\"Cabines d'ascenseur hakk\u0131nda daha fazla bilgi almak i\u00e7in QuyaLift Cabines d'ascenseur sayfas\u0131n\u0131 inceleyebilirsiniz.\",\"breadcrumb\":{\"@id\":\"https:\/\/quyalift.com\/fr\/cabines-dascenseur\/#breadcrumb\"},\"inLanguage\":\"fr-FR\",\"potentialAction\":[{\"@type\":\"ReadAction\",\"target\":[\"https:\/\/quyalift.com\/fr\/cabines-dascenseur\/\"]}]},{\"@type\":\"BreadcrumbList\",\"@id\":\"https:\/\/quyalift.com\/fr\/cabines-dascenseur\/#breadcrumb\",\"itemListElement\":[{\"@type\":\"ListItem\",\"position\":1,\"name\":\"Anasayfa\",\"item\":\"https:\/\/quyalift.com\/fr\/\"},{\"@type\":\"ListItem\",\"position\":2,\"name\":\"Cabines d&rsquo;ascenseur\"}]},{\"@type\":\"WebSite\",\"@id\":\"https:\/\/quyalift.com\/#website\",\"url\":\"https:\/\/quyalift.com\/\",\"name\":\"Quya Lift\",\"description\":\"Kaliteyle Y\u00fckseliyoruz...\",\"publisher\":{\"@id\":\"https:\/\/quyalift.com\/#organization\"},\"potentialAction\":[{\"@type\":\"SearchAction\",\"target\":{\"@type\":\"EntryPoint\",\"urlTemplate\":\"https:\/\/quyalift.com\/?s={search_term_string}\"},\"query-input\":\"required name=search_term_string\"}],\"inLanguage\":\"fr-FR\"},{\"@type\":\"Organization\",\"@id\":\"https:\/\/quyalift.com\/#organization\",\"name\":\"Quyalift Elevator\",\"url\":\"https:\/\/quyalift.com\/\",\"logo\":{\"@type\":\"ImageObject\",\"inLanguage\":\"fr-FR\",\"@id\":\"https:\/\/quyalift.com\/#\/schema\/logo\/image\/\",\"url\":\"https:\/\/quyalift.com\/wp-content\/uploads\/2022\/06\/logo-qualift.png\",\"contentUrl\":\"https:\/\/quyalift.com\/wp-content\/uploads\/2022\/06\/logo-qualift.png\",\"width\":179,\"height\":90,\"caption\":\"Quyalift Elevator\"},\"image\":{\"@id\":\"https:\/\/quyalift.com\/#\/schema\/logo\/image\/\"}}]}<\/script>\n<!-- \/ Yoast SEO plugin. -->","yoast_head_json":{"title":"Cabines d'ascenseur &ndash; Quya Lift","description":"Cabines d'ascenseur hakk\u0131nda daha fazla bilgi almak i\u00e7in QuyaLift Cabines d'ascenseur sayfas\u0131n\u0131 inceleyebilirsiniz.","robots":{"index":"index","follow":"follow","max-snippet":"max-snippet:-1","max-image-preview":"max-image-preview:large","max-video-preview":"max-video-preview:-1"},"canonical":"https:\/\/quyalift.com\/fr\/cabines-dascenseur\/","og_locale":"fr_FR","og_type":"article","og_title":"Cabines d'ascenseur &ndash; Quya Lift","og_description":"Cabines d'ascenseur hakk\u0131nda daha fazla bilgi almak i\u00e7in QuyaLift Cabines d'ascenseur sayfas\u0131n\u0131 inceleyebilirsiniz.","og_url":"https:\/\/quyalift.com\/fr\/cabines-dascenseur\/","og_site_name":"Quya Lift","article_modified_time":"2022-08-22T10:30:55+00:00","og_image":[{"url":"https:\/\/quyalift.com\/wp-content\/uploads\/2022\/07\/asansor-kabinleri.jpg"}],"twitter_card":"summary_large_image","twitter_misc":{"Dur\u00e9e de lecture estim\u00e9e":"2 minutes"},"schema":{"@context":"https:\/\/schema.org","@graph":[{"@type":"WebPage","@id":"https:\/\/quyalift.com\/fr\/cabines-dascenseur\/","url":"https:\/\/quyalift.com\/fr\/cabines-dascenseur\/","name":"Cabines d'ascenseur &ndash; Quya Lift","isPartOf":{"@id":"https:\/\/quyalift.com\/#website"},"datePublished":"2022-06-07T15:15:35+00:00","dateModified":"2022-08-22T10:30:55+00:00","description":"Cabines d'ascenseur hakk\u0131nda daha fazla bilgi almak i\u00e7in QuyaLift Cabines d'ascenseur sayfas\u0131n\u0131 inceleyebilirsiniz.","breadcrumb":{"@id":"https:\/\/quyalift.com\/fr\/cabines-dascenseur\/#breadcrumb"},"inLanguage":"fr-FR","potentialAction":[{"@type":"ReadAction","target":["https:\/\/quyalift.com\/fr\/cabines-dascenseur\/"]}]},{"@type":"BreadcrumbList","@id":"https:\/\/quyalift.com\/fr\/cabines-dascenseur\/#breadcrumb","itemListElement":[{"@type":"ListItem","position":1,"name":"Anasayfa","item":"https:\/\/quyalift.com\/fr\/"},{"@type":"ListItem","position":2,"name":"Cabines d&rsquo;ascenseur"}]},{"@type":"WebSite","@id":"https:\/\/quyalift.com\/#website","url":"https:\/\/quyalift.com\/","name":"Quya Lift","description":"Kaliteyle Y\u00fckseliyoruz...","publisher":{"@id":"https:\/\/quyalift.com\/#organization"},"potentialAction":[{"@type":"SearchAction","target":{"@type":"EntryPoint","urlTemplate":"https:\/\/quyalift.com\/?s={search_term_string}"},"query-input":"required name=search_term_string"}],"inLanguage":"fr-FR"},{"@type":"Organization","@id":"https:\/\/quyalift.com\/#organization","name":"Quyalift Elevator","url":"https:\/\/quyalift.com\/","logo":{"@type":"ImageObject","inLanguage":"fr-FR","@id":"https:\/\/quyalift.com\/#\/schema\/logo\/image\/","url":"https:\/\/quyalift.com\/wp-content\/uploads\/2022\/06\/logo-qualift.png","contentUrl":"https:\/\/quyalift.com\/wp-content\/uploads\/2022\/06\/logo-qualift.png","width":179,"height":90,"caption":"Quyalift Elevator"},"image":{"@id":"https:\/\/quyalift.com\/#\/schema\/logo\/image\/"}}]}},"_links":{"self":[{"href":"https:\/\/quyalift.com\/fr\/wp-json\/wp\/v2\/pages\/5163","targetHints":{"allow":["GET"]}}],"collection":[{"href":"https:\/\/quyalift.com\/fr\/wp-json\/wp\/v2\/pages"}],"about":[{"href":"https:\/\/quyalift.com\/fr\/wp-json\/wp\/v2\/types\/page"}],"author":[{"embeddable":true,"href":"https:\/\/quyalift.com\/fr\/wp-json\/wp\/v2\/users\/1"}],"replies":[{"embeddable":true,"href":"https:\/\/quyalift.com\/fr\/wp-json\/wp\/v2\/comments?post=5163"}],"version-history":[{"count":13,"href":"https:\/\/quyalift.com\/fr\/wp-json\/wp\/v2\/pages\/5163\/revisions"}],"predecessor-version":[{"id":6116,"href":"https:\/\/quyalift.com\/fr\/wp-json\/wp\/v2\/pages\/5163\/revisions\/6116"}],"wp:attachment":[{"href":"https:\/\/quyalift.com\/fr\/wp-json\/wp\/v2\/media?parent=5163"}],"curies":[{"name":"wp","href":"https:\/\/api.w.org\/{rel}","templated":true}]}}